{"id":365,"date":"2023-09-20T13:09:21","date_gmt":"2023-09-20T13:09:21","guid":{"rendered":"http:\/\/gezairi.com\/tr\/?page_id=365"},"modified":"2023-10-02T13:09:40","modified_gmt":"2023-10-02T13:09:40","slug":"paketleme-ve-tasima","status":"publish","type":"page","link":"http:\/\/gezairi.com\/tr\/servislerimiz\/paketleme-ve-tasima\/","title":{"rendered":"PAKETLEME VE TA\u015eIMA"},"content":{"rendered":"\n\t<section class=\"section\" id=\"section_332623268\">\n\t\t<div class=\"bg section-bg fill bg-fill  bg-loaded\" >\n\n\t\t\t\n\t\t\t\n\t\t\t\n\t<div class=\"is-border\"\n\t\tstyle=\"border-color:rgb(235, 235, 235);border-width:1px 0px 0px 0px;\">\n\t<\/div>\n\n\t\t<\/div>\n\n\t\t\n\n\t\t<div class=\"section-content relative\">\n\t\t\t\n\n<div class=\"row row-large align-middle align-center\"  id=\"row-766100102\">\n\n\n\t<div id=\"col-1812836179\" class=\"col small-12 large-12\"  >\n\t\t\t\t<div class=\"col-inner text-right\"  >\n\t\t\t\n\t\t\t\n\n\t<div class=\"img has-hover x md-x lg-x y md-y lg-y\" id=\"image_940664467\">\n\t\t\t\t\t\t\t\t<div class=\"img-inner box-shadow-2 dark\" >\n\t\t\t<img loading=\"lazy\" decoding=\"async\" width=\"924\" height=\"246\" src=\"http:\/\/gezairi.com\/tr\/wp-content\/uploads\/2023\/09\/4-packing-and-moving.jpeg\" class=\"attachment-large size-large\" alt=\"\" srcset=\"http:\/\/gezairi.com\/tr\/wp-content\/uploads\/2023\/09\/4-packing-and-moving.jpeg 924w, http:\/\/gezairi.com\/tr\/wp-content\/uploads\/2023\/09\/4-packing-and-moving-800x213.jpeg 800w, http:\/\/gezairi.com\/tr\/wp-content\/uploads\/2023\/09\/4-packing-and-moving-768x204.jpeg 768w\" sizes=\"auto, (max-width: 924px) 100vw, 924px\" \/>\t\t\t\t\t\t\n\t\t\t\t\t<\/div>\n\t\t\t\t\t\t\t\t\n<style>\n#image_940664467 {\n  width: 100%;\n}\n<\/style>\n\t<\/div>\n\t\n\n\t<div id=\"text-2373725586\" class=\"text\">\n\t\t\n\n<div class=\"title\">\n<div class=\"title\"><strong>Paketleme Ve Ta\u015f\u0131ma<\/strong><\/div>\n<div>\u00a0<\/div>\n<p>Paketleme ve ta\u015f\u0131ma tecr\u00fcbesini stressiz, ho\u015f ve keyifli bir hale getiren hizmet kalitesi<br \/>&#8211;\u00a0Uluslararas\u0131 kalite standartlar\u0131nda paketleme ve ta\u015f\u0131ma servisi<br \/>&#8211;\u00a0Antika ve sanat eseri de\u011ferindeki par\u00e7alar\u0131n elle\u00e7lenmesinde uzmanl\u0131k<br \/>&#8211;\u00a0Esnek \u00e7al\u0131\u015fma saatleri<br \/>&#8211;\u00a0Kap\u0131dan kap\u0131ya teslimatlar veya da\u011f\u0131t\u0131m<br \/>&#8211;\u00a0Ta\u015f\u0131ma, var\u0131\u015f \u00fclkesinde g\u00fcmr\u00fckleme, paketlerin a\u00e7\u0131lmas\u0131 ve at\u0131klar\u0131n kald\u0131r\u0131lmas\u0131<br \/>&#8211;\u00a0Depolama imkan\u0131<br \/>&#8211;\u00a0De\u011ferlendirme ve planlama konusunda dan\u0131\u015fmanl\u0131k<br \/>&#8211;\u00a0Sigorta teminat\u0131<\/p>\n<\/div>\n\t\t\n<style>\n#text-2373725586 {\n  text-align: left;\n  color: rgb(61, 110, 142);\n}\n#text-2373725586 > * {\n  color: rgb(61, 110, 142);\n}\n<\/style>\n\t<\/div>\n\t\n\n\t\t<\/div>\n\t\t\t\t\t<\/div>\n\n\t\n\n<\/div>\n\n\t\t<\/div>\n\n\t\t\n<style>\n#section_332623268 {\n  padding-top: 59px;\n  padding-bottom: 59px;\n  min-height: 300px;\n  background-color: rgb(240, 240, 240);\n}\n<\/style>\n\t<\/section>\n\t\n\n","protected":false},"excerpt":{"rendered":"","protected":false},"author":2,"featured_media":0,"parent":220,"menu_order":1,"comment_status":"closed","ping_status":"closed","template":"page-blank.php","meta":{"footnotes":""},"class_list":["post-365","page","type-page","status-publish","hentry"],"_links":{"self":[{"href":"http:\/\/gezairi.com\/tr\/wp-json\/wp\/v2\/pages\/365","targetHints":{"allow":["GET"]}}],"collection":[{"href":"http:\/\/gezairi.com\/tr\/wp-json\/wp\/v2\/pages"}],"about":[{"href":"http:\/\/gezairi.com\/tr\/wp-json\/wp\/v2\/types\/page"}],"author":[{"embeddable":true,"href":"http:\/\/gezairi.com\/tr\/wp-json\/wp\/v2\/users\/2"}],"replies":[{"embeddable":true,"href":"http:\/\/gezairi.com\/tr\/wp-json\/wp\/v2\/comments?post=365"}],"version-history":[{"count":8,"href":"http:\/\/gezairi.com\/tr\/wp-json\/wp\/v2\/pages\/365\/revisions"}],"predecessor-version":[{"id":587,"href":"http:\/\/gezairi.com\/tr\/wp-json\/wp\/v2\/pages\/365\/revisions\/587"}],"up":[{"embeddable":true,"href":"http:\/\/gezairi.com\/tr\/wp-json\/wp\/v2\/pages\/220"}],"wp:attachment":[{"href":"http:\/\/gezairi.com\/tr\/wp-json\/wp\/v2\/media?parent=365"}],"curies":[{"name":"wp","href":"https:\/\/api.w.org\/{rel}","templated":true}]}}