{"id":363,"date":"2023-09-20T13:09:05","date_gmt":"2023-09-20T13:09:05","guid":{"rendered":"http:\/\/gezairi.com\/tr\/?page_id=363"},"modified":"2023-10-02T12:59:54","modified_gmt":"2023-10-02T12:59:54","slug":"agir-nakliye","status":"publish","type":"page","link":"http:\/\/gezairi.com\/tr\/servislerimiz\/agir-nakliye\/","title":{"rendered":"A\u011eIR NAKL\u0130YE"},"content":{"rendered":"\n\t<section class=\"section\" id=\"section_1248775214\">\n\t\t<div class=\"bg section-bg fill bg-fill  bg-loaded\" >\n\n\t\t\t\n\t\t\t\n\t\t\t\n\t<div class=\"is-border\"\n\t\tstyle=\"border-color:rgb(235, 235, 235);border-width:1px 0px 0px 0px;\">\n\t<\/div>\n\n\t\t<\/div>\n\n\t\t\n\n\t\t<div class=\"section-content relative\">\n\t\t\t\n\n<div class=\"row row-large align-middle align-center\"  id=\"row-136686510\">\n\n\n\t<div id=\"col-194034265\" class=\"col small-12 large-12\"  >\n\t\t\t\t<div class=\"col-inner box-shadow-2 box-shadow-5-hover\" style=\"background-color:rgb(255, 255, 255);\" >\n\t\t\t\n\t\t\t\n\n\t<div class=\"img has-hover x md-x lg-x y md-y lg-y\" id=\"image_1013349994\">\n\t\t\t\t\t\t\t\t<div class=\"img-inner box-shadow-2 dark\" >\n\t\t\t<img loading=\"lazy\" decoding=\"async\" width=\"924\" height=\"246\" src=\"http:\/\/gezairi.com\/tr\/wp-content\/uploads\/2023\/09\/heavylifts.jpeg\" class=\"attachment-large size-large\" alt=\"\" srcset=\"http:\/\/gezairi.com\/tr\/wp-content\/uploads\/2023\/09\/heavylifts.jpeg 924w, http:\/\/gezairi.com\/tr\/wp-content\/uploads\/2023\/09\/heavylifts-800x213.jpeg 800w, http:\/\/gezairi.com\/tr\/wp-content\/uploads\/2023\/09\/heavylifts-768x204.jpeg 768w\" sizes=\"auto, (max-width: 924px) 100vw, 924px\" \/>\t\t\t\t\t\t\n\t\t\t\t\t<\/div>\n\t\t\t\t\t\t\t\t\n<style>\n#image_1013349994 {\n  width: 100%;\n}\n<\/style>\n\t<\/div>\n\t\n\n\n\t\t<\/div>\n\t\t\t\t\n<style>\n#col-194034265 > .col-inner {\n  padding: 15px 15px 15px 15px;\n}\n<\/style>\n\t<\/div>\n\n\t\n\n\t<div id=\"col-254049655\" class=\"col small-12 large-12\"  >\n\t\t\t\t<div class=\"col-inner text-right\"  >\n\t\t\t\n\t\t\t\n\n\t<div id=\"text-3757146194\" class=\"text\">\n\t\t\n\n<div class=\"title\">\n<div class=\"title\"><strong>A\u011f\u0131r Nakliye<\/strong><\/div>\n<p>\u00a0<\/p>\n<p>\u00d6zel y\u00fckler ve projeler i\u00e7in ta\u015f\u0131mac\u0131l\u0131k mimarlar\u0131<br \/>&#8211;\u00a0A\u011f\u0131r par\u00e7alar\u0131n, y\u00fcksek boyutlu \u00f6zel y\u00fcklerin ta\u015f\u0131nmas\u0131 ve elle\u00e7lenmesi konusunda se\u00e7kin ba\u015far\u0131 kay\u0131tlar\u0131<br \/>&#8211;\u00a0Bir\u00e7ok \u00f6zel y\u00fck\u00fcn g\u00fcvenle elle\u00e7lemeye imkan veren \u00f6zel ara\u00e7 filosu, vin\u00e7 ve ekipmanlar ile konunun uzman\u0131 profesyoneller, s\u00fcr\u00fcc\u00fcler ve teknisyenler<br \/>&#8211;\u00a0Malzemelerin temel\/be\u015fik \u00fczerine yerle\u015ftirilmesi dahil komple entegre lojistik servisler<br \/>&#8211;\u00a0Proje y\u00f6netimi: maliyet analizi, yol et\u00fct \u00e7al\u0131\u015fmas\u0131, \u015fantiye incelemesi ve denetimi, fizibilite \u00e7al\u0131\u015fmalar\u0131 da dahil olmak \u00fczere gerekli t\u00fcm dan\u0131\u015fmanl\u0131k hizmetleri<br \/>&#8211;\u00a0Kap\u0131dan kap\u0131ya teslimatlar<br \/>&#8211;\u00a0G\u00fcvenilir ve i\u015finin ehli uzman uluslararas\u0131 kurulu\u015flarla i\u015fbirli\u011fi<\/p>\n<\/div>\n\t\t\n<style>\n#text-3757146194 {\n  text-align: left;\n  color: #3d6e8e;\n}\n#text-3757146194 > * {\n  color: #3d6e8e;\n}\n<\/style>\n\t<\/div>\n\t\n\n\t\t<\/div>\n\t\t\t\t\t<\/div>\n\n\t\n\n<\/div>\n\n\t\t<\/div>\n\n\t\t\n<style>\n#section_1248775214 {\n  padding-top: 59px;\n  padding-bottom: 59px;\n  min-height: 300px;\n  background-color: rgb(240, 240, 240);\n}\n<\/style>\n\t<\/section>\n\t\n\n","protected":false},"excerpt":{"rendered":"","protected":false},"author":2,"featured_media":0,"parent":220,"menu_order":1,"comment_status":"closed","ping_status":"closed","template":"page-blank.php","meta":{"footnotes":""},"class_list":["post-363","page","type-page","status-publish","hentry"],"_links":{"self":[{"href":"http:\/\/gezairi.com\/tr\/wp-json\/wp\/v2\/pages\/363","targetHints":{"allow":["GET"]}}],"collection":[{"href":"http:\/\/gezairi.com\/tr\/wp-json\/wp\/v2\/pages"}],"about":[{"href":"http:\/\/gezairi.com\/tr\/wp-json\/wp\/v2\/types\/page"}],"author":[{"embeddable":true,"href":"http:\/\/gezairi.com\/tr\/wp-json\/wp\/v2\/users\/2"}],"replies":[{"embeddable":true,"href":"http:\/\/gezairi.com\/tr\/wp-json\/wp\/v2\/comments?post=363"}],"version-history":[{"count":6,"href":"http:\/\/gezairi.com\/tr\/wp-json\/wp\/v2\/pages\/363\/revisions"}],"predecessor-version":[{"id":584,"href":"http:\/\/gezairi.com\/tr\/wp-json\/wp\/v2\/pages\/363\/revisions\/584"}],"up":[{"embeddable":true,"href":"http:\/\/gezairi.com\/tr\/wp-json\/wp\/v2\/pages\/220"}],"wp:attachment":[{"href":"http:\/\/gezairi.com\/tr\/wp-json\/wp\/v2\/media?parent=363"}],"curies":[{"name":"wp","href":"https:\/\/api.w.org\/{rel}","templated":true}]}}