{"id":361,"date":"2023-09-20T13:08:49","date_gmt":"2023-09-20T13:08:49","guid":{"rendered":"http:\/\/gezairi.com\/tr\/?page_id=361"},"modified":"2023-10-02T13:12:03","modified_gmt":"2023-10-02T13:12:03","slug":"gumrukleme","status":"publish","type":"page","link":"http:\/\/gezairi.com\/tr\/servislerimiz\/gumrukleme\/","title":{"rendered":"G\u00dcMR\u00dcKLEME"},"content":{"rendered":"\n\t<section class=\"section\" id=\"section_1681702743\">\n\t\t<div class=\"bg section-bg fill bg-fill  bg-loaded\" >\n\n\t\t\t\n\t\t\t\n\t\t\t\n\t<div class=\"is-border\"\n\t\tstyle=\"border-color:rgb(235, 235, 235);border-width:1px 0px 0px 0px;\">\n\t<\/div>\n\n\t\t<\/div>\n\n\t\t\n\n\t\t<div class=\"section-content relative\">\n\t\t\t\n\n<div class=\"row row-large align-middle align-center\"  id=\"row-1477585042\">\n\n\n\t<div id=\"col-424642681\" class=\"col small-12 large-12\"  >\n\t\t\t\t<div class=\"col-inner box-shadow-2 box-shadow-5-hover\" style=\"background-color:rgb(255, 255, 255);\" >\n\t\t\t\n\t\t\t\n\n\t<div class=\"img has-hover x md-x lg-x y md-y lg-y\" id=\"image_1299501722\">\n\t\t\t\t\t\t\t\t<div class=\"img-inner box-shadow-2 dark\" >\n\t\t\t<img loading=\"lazy\" decoding=\"async\" width=\"924\" height=\"246\" src=\"http:\/\/gezairi.com\/tr\/wp-content\/uploads\/2023\/09\/3-customs-clearance.jpeg\" class=\"attachment-large size-large\" alt=\"\" srcset=\"http:\/\/gezairi.com\/tr\/wp-content\/uploads\/2023\/09\/3-customs-clearance.jpeg 924w, http:\/\/gezairi.com\/tr\/wp-content\/uploads\/2023\/09\/3-customs-clearance-800x213.jpeg 800w, http:\/\/gezairi.com\/tr\/wp-content\/uploads\/2023\/09\/3-customs-clearance-768x204.jpeg 768w\" sizes=\"auto, (max-width: 924px) 100vw, 924px\" \/>\t\t\t\t\t\t\n\t\t\t\t\t<\/div>\n\t\t\t\t\t\t\t\t\n<style>\n#image_1299501722 {\n  width: 100%;\n}\n<\/style>\n\t<\/div>\n\t\n\n\n\t\t<\/div>\n\t\t\t\t\n<style>\n#col-424642681 > .col-inner {\n  padding: 15px 15px 15px 15px;\n}\n<\/style>\n\t<\/div>\n\n\t\n\n\t<div id=\"col-756990344\" class=\"col small-12 large-12\"  >\n\t\t\t\t<div class=\"col-inner text-right\"  >\n\t\t\t\n\t\t\t\n\n\t<div id=\"text-3142800503\" class=\"text\">\n\t\t\n\n<div class=\"title\">\n<div class=\"title\"><strong>G\u00fcmr\u00fckleme<\/strong><\/div>\n<div>\u00a0<\/div>\n<p>Karma\u015f\u0131k i\u015flem ve formaliteleri basit ve h\u0131zl\u0131 hale getiren \u00e7\u00f6z\u00fcmler<br \/>&#8211;\u00a0Lisansl\u0131 g\u00fcmr\u00fck m\u00fc\u015favirli\u011fi hizmetleri<br \/>&#8211;\u00a0Sorunsuz ve h\u0131zl\u0131 ithalat, ihracat ve transit g\u00fcmr\u00fck i\u015flemleri<br \/>&#8211;\u00a0Deniz ve havalimanlar\u0131 ile s\u0131n\u0131r ge\u00e7i\u015flerinde 7\/24\u00a0 ileti\u015fim<br \/>&#8211;\u00a0Teminatl\u0131 ve serbest b\u00f6lge depolama imkanlar\u0131 da dahil olmak \u00fczere ithalat, ihracat ve transit y\u00fcklemelerde entegrasyon<br \/>&#8211;\u00a0En geli\u015fmi\u015f teknoloji ve ileti\u015fim ara\u00e7lar\u0131n\u0131n kullan\u0131m\u0131<br \/>&#8211;\u00a0Dok\u00fcmantasyon, vergilendirme, ithalat lisans talepleriyle ilgili dan\u0131\u015fmanl\u0131k hizmetleri<\/p>\n<\/div>\n\t\t\n<style>\n#text-3142800503 {\n  text-align: left;\n  color: #3d6e8e;\n}\n#text-3142800503 > * {\n  color: #3d6e8e;\n}\n<\/style>\n\t<\/div>\n\t\n\n\t\t<\/div>\n\t\t\t\t\t<\/div>\n\n\t\n\n<\/div>\n\n\t\t<\/div>\n\n\t\t\n<style>\n#section_1681702743 {\n  padding-top: 59px;\n  padding-bottom: 59px;\n  min-height: 300px;\n  background-color: rgb(240, 240, 240);\n}\n<\/style>\n\t<\/section>\n\t\n\n","protected":false},"excerpt":{"rendered":"","protected":false},"author":2,"featured_media":0,"parent":220,"menu_order":1,"comment_status":"closed","ping_status":"closed","template":"page-blank.php","meta":{"footnotes":""},"class_list":["post-361","page","type-page","status-publish","hentry"],"_links":{"self":[{"href":"http:\/\/gezairi.com\/tr\/wp-json\/wp\/v2\/pages\/361","targetHints":{"allow":["GET"]}}],"collection":[{"href":"http:\/\/gezairi.com\/tr\/wp-json\/wp\/v2\/pages"}],"about":[{"href":"http:\/\/gezairi.com\/tr\/wp-json\/wp\/v2\/types\/page"}],"author":[{"embeddable":true,"href":"http:\/\/gezairi.com\/tr\/wp-json\/wp\/v2\/users\/2"}],"replies":[{"embeddable":true,"href":"http:\/\/gezairi.com\/tr\/wp-json\/wp\/v2\/comments?post=361"}],"version-history":[{"count":8,"href":"http:\/\/gezairi.com\/tr\/wp-json\/wp\/v2\/pages\/361\/revisions"}],"predecessor-version":[{"id":590,"href":"http:\/\/gezairi.com\/tr\/wp-json\/wp\/v2\/pages\/361\/revisions\/590"}],"up":[{"embeddable":true,"href":"http:\/\/gezairi.com\/tr\/wp-json\/wp\/v2\/pages\/220"}],"wp:attachment":[{"href":"http:\/\/gezairi.com\/tr\/wp-json\/wp\/v2\/media?parent=361"}],"curies":[{"name":"wp","href":"https:\/\/api.w.org\/{rel}","templated":true}]}}