{"id":359,"date":"2023-09-20T13:08:32","date_gmt":"2023-09-20T13:08:32","guid":{"rendered":"http:\/\/gezairi.com\/tr\/?page_id=359"},"modified":"2023-10-02T13:26:14","modified_gmt":"2023-10-02T13:26:14","slug":"depolama-dagitim","status":"publish","type":"page","link":"http:\/\/gezairi.com\/tr\/servislerimiz\/depolama-dagitim\/","title":{"rendered":"DEPOLAMA VE DA\u011eITIM"},"content":{"rendered":"\n\t<section class=\"section\" id=\"section_1487050375\">\n\t\t<div class=\"bg section-bg fill bg-fill  bg-loaded\" >\n\n\t\t\t\n\t\t\t\n\t\t\t\n\t<div class=\"is-border\"\n\t\tstyle=\"border-color:rgb(235, 235, 235);border-width:1px 0px 0px 0px;\">\n\t<\/div>\n\n\t\t<\/div>\n\n\t\t\n\n\t\t<div class=\"section-content relative\">\n\t\t\t\n\n<div class=\"row row-large align-middle align-center\"  id=\"row-1882044070\">\n\n\n\t<div id=\"col-644776696\" class=\"col small-12 large-12\"  >\n\t\t\t\t<div class=\"col-inner box-shadow-2 box-shadow-5-hover\" style=\"background-color:rgb(255, 255, 255);\" >\n\t\t\t\n\t\t\t\n\n\t<div class=\"img has-hover x md-x lg-x y md-y lg-y\" id=\"image_439998765\">\n\t\t\t\t\t\t\t\t<div class=\"img-inner box-shadow-2 dark\" >\n\t\t\t<img loading=\"lazy\" decoding=\"async\" width=\"924\" height=\"246\" src=\"http:\/\/gezairi.com\/tr\/wp-content\/uploads\/2023\/09\/warehousing.jpeg\" class=\"attachment-large size-large\" alt=\"\" srcset=\"http:\/\/gezairi.com\/tr\/wp-content\/uploads\/2023\/09\/warehousing.jpeg 924w, http:\/\/gezairi.com\/tr\/wp-content\/uploads\/2023\/09\/warehousing-800x213.jpeg 800w, http:\/\/gezairi.com\/tr\/wp-content\/uploads\/2023\/09\/warehousing-768x204.jpeg 768w\" sizes=\"auto, (max-width: 924px) 100vw, 924px\" \/>\t\t\t\t\t\t\n\t\t\t\t\t<\/div>\n\t\t\t\t\t\t\t\t\n<style>\n#image_439998765 {\n  width: 100%;\n}\n<\/style>\n\t<\/div>\n\t\n\n\n\t\t<\/div>\n\t\t\t\t\n<style>\n#col-644776696 > .col-inner {\n  padding: 15px 15px 15px 15px;\n}\n<\/style>\n\t<\/div>\n\n\t\n\n\t<div id=\"col-933747028\" class=\"col small-12 large-12\"  >\n\t\t\t\t<div class=\"col-inner text-right\"  >\n\t\t\t\n\t\t\t\n\n\t<div id=\"text-3776724562\" class=\"text\">\n\t\t\n\n<div class=\"title\">\n<div class=\"title\"><strong>Depolama Ve Da\u011f\u0131t\u0131m<\/strong><\/div>\n<div>\u00a0<\/div>\n<div class=\"title\">Depolama ve da\u011f\u0131t\u0131m i\u015flerini efektif bir \u015fekilde organize ederek stok maliyetlerini d\u00fc\u015f\u00fcren ve katma de\u011fer \u00fcreten lojistik servisler<br \/>&#8211;\u00a0Kendi depolar\u0131m\u0131z<br \/>&#8211;\u00a0\u00d6zel ve payla\u015f\u0131ml\u0131 depolar<br \/>&#8211;\u00a0Modern elle\u00e7leme ekipmanlar\u0131 ve g\u00fcvenlik sistemleri<br \/>&#8211;\u00a0Stok y\u00f6netimi kontrol\u00fc, barkodlama, yeniden paketleme ve etiketleme<br \/>&#8211;\u00a0\u00c7oklu m\u00fc\u015fteri\/\u00e7oklu sipari\u015f se\u00e7imi ve \u00f6zel sipari\u015flerin elle\u00e7lemesi<br \/>&#8211;\u00a0Yerel ve uluslararas\u0131 da\u011f\u0131t\u0131m<br \/>&#8211;\u00a0Katma de\u011fer \u00fcreten servisler: montaj, tadilat, vb.<\/div>\n<\/div>\n\t\t\n<style>\n#text-3776724562 {\n  text-align: left;\n  color: #3d6e8e;\n}\n#text-3776724562 > * {\n  color: #3d6e8e;\n}\n<\/style>\n\t<\/div>\n\t\n\n\t\t<\/div>\n\t\t\t\t\t<\/div>\n\n\t\n\n<\/div>\n\n\t\t<\/div>\n\n\t\t\n<style>\n#section_1487050375 {\n  padding-top: 59px;\n  padding-bottom: 59px;\n  min-height: 300px;\n  background-color: rgb(240, 240, 240);\n}\n<\/style>\n\t<\/section>\n\t\n\n","protected":false},"excerpt":{"rendered":"","protected":false},"author":2,"featured_media":0,"parent":220,"menu_order":1,"comment_status":"closed","ping_status":"closed","template":"page-blank.php","meta":{"footnotes":""},"class_list":["post-359","page","type-page","status-publish","hentry"],"_links":{"self":[{"href":"http:\/\/gezairi.com\/tr\/wp-json\/wp\/v2\/pages\/359","targetHints":{"allow":["GET"]}}],"collection":[{"href":"http:\/\/gezairi.com\/tr\/wp-json\/wp\/v2\/pages"}],"about":[{"href":"http:\/\/gezairi.com\/tr\/wp-json\/wp\/v2\/types\/page"}],"author":[{"embeddable":true,"href":"http:\/\/gezairi.com\/tr\/wp-json\/wp\/v2\/users\/2"}],"replies":[{"embeddable":true,"href":"http:\/\/gezairi.com\/tr\/wp-json\/wp\/v2\/comments?post=359"}],"version-history":[{"count":7,"href":"http:\/\/gezairi.com\/tr\/wp-json\/wp\/v2\/pages\/359\/revisions"}],"predecessor-version":[{"id":598,"href":"http:\/\/gezairi.com\/tr\/wp-json\/wp\/v2\/pages\/359\/revisions\/598"}],"up":[{"embeddable":true,"href":"http:\/\/gezairi.com\/tr\/wp-json\/wp\/v2\/pages\/220"}],"wp:attachment":[{"href":"http:\/\/gezairi.com\/tr\/wp-json\/wp\/v2\/media?parent=359"}],"curies":[{"name":"wp","href":"https:\/\/api.w.org\/{rel}","templated":true}]}}