{"id":357,"date":"2023-09-20T13:08:11","date_gmt":"2023-09-20T13:08:11","guid":{"rendered":"http:\/\/gezairi.com\/tr\/?page_id=357"},"modified":"2023-10-02T13:25:34","modified_gmt":"2023-10-02T13:25:34","slug":"fuar-lojistigi","status":"publish","type":"page","link":"http:\/\/gezairi.com\/tr\/servislerimiz\/fuar-lojistigi\/","title":{"rendered":"FUAR LOJ\u0130ST\u0130\u011e\u0130"},"content":{"rendered":"\n\t<section class=\"section\" id=\"section_1209509177\">\n\t\t<div class=\"bg section-bg fill bg-fill  bg-loaded\" >\n\n\t\t\t\n\t\t\t\n\t\t\t\n\t<div class=\"is-border\"\n\t\tstyle=\"border-color:rgb(235, 235, 235);border-width:1px 0px 0px 0px;\">\n\t<\/div>\n\n\t\t<\/div>\n\n\t\t\n\n\t\t<div class=\"section-content relative\">\n\t\t\t\n\n<div class=\"row row-large align-middle align-center\"  id=\"row-263806678\">\n\n\n\t<div id=\"col-2115504520\" class=\"col small-12 large-12\"  >\n\t\t\t\t<div class=\"col-inner box-shadow-2 box-shadow-5-hover\" style=\"background-color:rgb(255, 255, 255);\" >\n\t\t\t\n\t\t\t\n\n\t<div class=\"img has-hover x md-x lg-x y md-y lg-y\" id=\"image_2022472750\">\n\t\t\t\t\t\t\t\t<div class=\"img-inner box-shadow-2 dark\" >\n\t\t\t<img loading=\"lazy\" decoding=\"async\" width=\"924\" height=\"246\" src=\"http:\/\/gezairi.com\/tr\/wp-content\/uploads\/2023\/09\/trades-and-exhibitions.jpeg\" class=\"attachment-large size-large\" alt=\"\" srcset=\"http:\/\/gezairi.com\/tr\/wp-content\/uploads\/2023\/09\/trades-and-exhibitions.jpeg 924w, http:\/\/gezairi.com\/tr\/wp-content\/uploads\/2023\/09\/trades-and-exhibitions-800x213.jpeg 800w, http:\/\/gezairi.com\/tr\/wp-content\/uploads\/2023\/09\/trades-and-exhibitions-768x204.jpeg 768w\" sizes=\"auto, (max-width: 924px) 100vw, 924px\" \/>\t\t\t\t\t\t\n\t\t\t\t\t<\/div>\n\t\t\t\t\t\t\t\t\n<style>\n#image_2022472750 {\n  width: 100%;\n}\n<\/style>\n\t<\/div>\n\t\n\n\n\t\t<\/div>\n\t\t\t\t\n<style>\n#col-2115504520 > .col-inner {\n  padding: 15px 15px 15px 15px;\n}\n<\/style>\n\t<\/div>\n\n\t\n\n\t<div id=\"col-1576515885\" class=\"col small-12 large-12\"  >\n\t\t\t\t<div class=\"col-inner text-right\"  >\n\t\t\t\n\t\t\t\n\n\t<div id=\"text-3458158712\" class=\"text\">\n\t\t\n\n<div class=\"title\">\n<div class=\"title\"><strong>Fuar Lojisti\u011fi<\/strong><\/div>\n<div>\u00a0<\/div>\n<p>Ticari fuar ve sergilerin zaman s\u0131n\u0131r\u0131n\u0131 kar\u015f\u0131layacak profesyonellikte lojistik hizmetler<br \/>&#8211;\u00a0Planlama, uygulama, destek dahil geni\u015f fuar hizmet servisleri<br \/>&#8211;\u00a0Yerel ve uluslararas\u0131 organizat\u00f6rlerin resmi acenteli\u011fi<br \/>&#8211;\u00a0Sergilenecek \u00fcr\u00fcnlerin ve ekipmanlar\u0131n fuar alanine ta\u015f\u0131mas\u0131 ve elle\u00e7lenmesi<br \/>&#8211;\u00a0De\u011ferli fuar malzemelerinin uzmanlar taraf\u0131ndan paketlenmesi<br \/>&#8211;\u00a0Demonte etme, yeniden paketleme ve montaj i\u015fleri<br \/>&#8211;\u00a07\/24 \u00f6zel e\u011fitimli ekip deste\u011fi<br \/>&#8211;\u00a0Ge\u00e7ici ithalat ve re-export i\u015flemleri<br \/>&#8211;\u00a0Depolama<\/p>\n<\/div>\n\t\t\n<style>\n#text-3458158712 {\n  text-align: left;\n  color: #3d6e8e;\n}\n#text-3458158712 > * {\n  color: #3d6e8e;\n}\n<\/style>\n\t<\/div>\n\t\n\n\t\t<\/div>\n\t\t\t\t\t<\/div>\n\n\t\n\n<\/div>\n\n\t\t<\/div>\n\n\t\t\n<style>\n#section_1209509177 {\n  padding-top: 59px;\n  padding-bottom: 59px;\n  min-height: 300px;\n  background-color: rgb(240, 240, 240);\n}\n<\/style>\n\t<\/section>\n\t\n\n","protected":false},"excerpt":{"rendered":"","protected":false},"author":2,"featured_media":0,"parent":220,"menu_order":1,"comment_status":"closed","ping_status":"closed","template":"page-blank.php","meta":{"footnotes":""},"class_list":["post-357","page","type-page","status-publish","hentry"],"_links":{"self":[{"href":"http:\/\/gezairi.com\/tr\/wp-json\/wp\/v2\/pages\/357","targetHints":{"allow":["GET"]}}],"collection":[{"href":"http:\/\/gezairi.com\/tr\/wp-json\/wp\/v2\/pages"}],"about":[{"href":"http:\/\/gezairi.com\/tr\/wp-json\/wp\/v2\/types\/page"}],"author":[{"embeddable":true,"href":"http:\/\/gezairi.com\/tr\/wp-json\/wp\/v2\/users\/2"}],"replies":[{"embeddable":true,"href":"http:\/\/gezairi.com\/tr\/wp-json\/wp\/v2\/comments?post=357"}],"version-history":[{"count":7,"href":"http:\/\/gezairi.com\/tr\/wp-json\/wp\/v2\/pages\/357\/revisions"}],"predecessor-version":[{"id":597,"href":"http:\/\/gezairi.com\/tr\/wp-json\/wp\/v2\/pages\/357\/revisions\/597"}],"up":[{"embeddable":true,"href":"http:\/\/gezairi.com\/tr\/wp-json\/wp\/v2\/pages\/220"}],"wp:attachment":[{"href":"http:\/\/gezairi.com\/tr\/wp-json\/wp\/v2\/media?parent=357"}],"curies":[{"name":"wp","href":"https:\/\/api.w.org\/{rel}","templated":true}]}}