{"id":355,"date":"2023-09-20T13:07:35","date_gmt":"2023-09-20T13:07:35","guid":{"rendered":"http:\/\/gezairi.com\/tr\/?page_id=355"},"modified":"2023-10-02T12:52:16","modified_gmt":"2023-10-02T12:52:16","slug":"nvocc","status":"publish","type":"page","link":"http:\/\/gezairi.com\/tr\/servislerimiz\/nvocc\/","title":{"rendered":"NVOCC"},"content":{"rendered":"\n\t<section class=\"section\" id=\"section_1057187894\">\n\t\t<div class=\"bg section-bg fill bg-fill  bg-loaded\" >\n\n\t\t\t\n\t\t\t\n\t\t\t\n\t<div class=\"is-border\"\n\t\tstyle=\"border-color:rgb(235, 235, 235);border-width:1px 0px 0px 0px;\">\n\t<\/div>\n\n\t\t<\/div>\n\n\t\t\n\n\t\t<div class=\"section-content relative\">\n\t\t\t\n\n<div class=\"row row-large align-middle align-center\"  id=\"row-547087579\">\n\n\n\t<div id=\"col-1595547559\" class=\"col small-12 large-12\"  >\n\t\t\t\t<div class=\"col-inner box-shadow-2 box-shadow-5-hover\" style=\"background-color:rgb(255, 255, 255);\" >\n\t\t\t\n\t\t\t\n\n\t<div class=\"img has-hover x md-x lg-x y md-y lg-y\" id=\"image_2062888435\">\n\t\t\t\t\t\t\t\t<div class=\"img-inner box-shadow-2 dark\" >\n\t\t\t<img loading=\"lazy\" decoding=\"async\" width=\"924\" height=\"246\" src=\"http:\/\/gezairi.com\/tr\/wp-content\/uploads\/2023\/09\/2-NVOCC-image.jpeg\" class=\"attachment-large size-large\" alt=\"\" srcset=\"http:\/\/gezairi.com\/tr\/wp-content\/uploads\/2023\/09\/2-NVOCC-image.jpeg 924w, http:\/\/gezairi.com\/tr\/wp-content\/uploads\/2023\/09\/2-NVOCC-image-800x213.jpeg 800w, http:\/\/gezairi.com\/tr\/wp-content\/uploads\/2023\/09\/2-NVOCC-image-768x204.jpeg 768w\" sizes=\"auto, (max-width: 924px) 100vw, 924px\" \/>\t\t\t\t\t\t\n\t\t\t\t\t<\/div>\n\t\t\t\t\t\t\t\t\n<style>\n#image_2062888435 {\n  width: 100%;\n}\n<\/style>\n\t<\/div>\n\t\n\n\n\t\t<\/div>\n\t\t\t\t\n<style>\n#col-1595547559 > .col-inner {\n  padding: 15px 15px 15px 15px;\n}\n<\/style>\n\t<\/div>\n\n\t\n\n\t<div id=\"col-1679288570\" class=\"col small-12 large-12\"  >\n\t\t\t\t<div class=\"col-inner text-right\"  >\n\t\t\t\n\t\t\t\n\n\t<div id=\"text-2940831139\" class=\"text\">\n\t\t\n\n<h1 class=\"title\">NVOCC<\/h1>\n<p>Her t\u00fcrl\u00fc ithalat ve ihracat y\u00fcklemeler i\u00e7in d\u00fcnya \u00e7ap\u0131nda NVOCC servisler<br \/>&#8211;\u00a0Global network kapsama alan\u0131 i\u00e7erisinde 150\u2019yi a\u015fk\u0131n liman ve 400 i\u00e7 noktaya direkt ve aktarmal\u0131 parsiyel servisler<br \/>&#8211;\u00a0Full ve parsiyel y\u00fcklemeler i\u00e7in h\u0131zl\u0131 transit s\u00fcreli s\u0131k seferler<br \/>&#8211;\u00a0\u00d6nde gelen hatlar\u0131n gemilerinde \u00f6zel yer anla\u015fmalar\u0131<br \/>&#8211;\u00a0Kendi kon\u015fimentolar\u0131m\u0131zla g\u00fcvence alt\u0131na al\u0131nan y\u00fcklemeler<br \/>&#8211;\u00a0Lider NVOCC servislerin aktarma ve var\u0131\u015f liman acentelik hizmetleri, konsolide y\u00fcklerin b\u00f6lge da\u011f\u0131t\u0131m servisleri<br \/>&#8211;\u00a0Uluslararas\u0131 network ve birliklere \u00fcyelikler<br \/>&#8211;\u00a0Eksiksiz dok\u00fcmantasyon hizmetleri<br \/>&#8211;\u00a0\u00d6zel sat\u0131\u015f ve m\u00fc\u015fteri hizmetleri servisi<\/p>\n\t\t\n<style>\n#text-2940831139 {\n  text-align: left;\n  color: #3d6e8e;\n}\n#text-2940831139 > * {\n  color: #3d6e8e;\n}\n<\/style>\n\t<\/div>\n\t\n\n\t\t<\/div>\n\t\t\t\t\t<\/div>\n\n\t\n\n<\/div>\n\n\t\t<\/div>\n\n\t\t\n<style>\n#section_1057187894 {\n  padding-top: 59px;\n  padding-bottom: 59px;\n  min-height: 300px;\n  background-color: rgb(240, 240, 240);\n}\n<\/style>\n\t<\/section>\n\t\n\n","protected":false},"excerpt":{"rendered":"","protected":false},"author":2,"featured_media":0,"parent":220,"menu_order":1,"comment_status":"closed","ping_status":"closed","template":"page-blank.php","meta":{"footnotes":""},"class_list":["post-355","page","type-page","status-publish","hentry"],"_links":{"self":[{"href":"http:\/\/gezairi.com\/tr\/wp-json\/wp\/v2\/pages\/355","targetHints":{"allow":["GET"]}}],"collection":[{"href":"http:\/\/gezairi.com\/tr\/wp-json\/wp\/v2\/pages"}],"about":[{"href":"http:\/\/gezairi.com\/tr\/wp-json\/wp\/v2\/types\/page"}],"author":[{"embeddable":true,"href":"http:\/\/gezairi.com\/tr\/wp-json\/wp\/v2\/users\/2"}],"replies":[{"embeddable":true,"href":"http:\/\/gezairi.com\/tr\/wp-json\/wp\/v2\/comments?post=355"}],"version-history":[{"count":5,"href":"http:\/\/gezairi.com\/tr\/wp-json\/wp\/v2\/pages\/355\/revisions"}],"predecessor-version":[{"id":578,"href":"http:\/\/gezairi.com\/tr\/wp-json\/wp\/v2\/pages\/355\/revisions\/578"}],"up":[{"embeddable":true,"href":"http:\/\/gezairi.com\/tr\/wp-json\/wp\/v2\/pages\/220"}],"wp:attachment":[{"href":"http:\/\/gezairi.com\/tr\/wp-json\/wp\/v2\/media?parent=355"}],"curies":[{"name":"wp","href":"https:\/\/api.w.org\/{rel}","templated":true}]}}