{"id":346,"date":"2023-09-20T13:05:52","date_gmt":"2023-09-20T13:05:52","guid":{"rendered":"http:\/\/gezairi.com\/tr\/?page_id=346"},"modified":"2023-10-02T13:26:44","modified_gmt":"2023-10-02T13:26:44","slug":"gemi-acenteligi","status":"publish","type":"page","link":"http:\/\/gezairi.com\/tr\/servislerimiz\/gemi-acenteligi\/","title":{"rendered":"GEM\u0130 ACENTEL\u0130\u011e\u0130"},"content":{"rendered":"\n\t<section class=\"section\" id=\"section_244330878\">\n\t\t<div class=\"bg section-bg fill bg-fill  bg-loaded\" >\n\n\t\t\t\n\t\t\t\n\t\t\t\n\t<div class=\"is-border\"\n\t\tstyle=\"border-color:rgb(235, 235, 235);border-width:1px 0px 0px 0px;\">\n\t<\/div>\n\n\t\t<\/div>\n\n\t\t\n\n\t\t<div class=\"section-content relative\">\n\t\t\t\n\n<div class=\"row row-large align-middle align-center\"  id=\"row-502653464\">\n\n\n\t<div id=\"col-1138743820\" class=\"col small-12 large-12\"  >\n\t\t\t\t<div class=\"col-inner box-shadow-2 box-shadow-5-hover\" style=\"background-color:rgb(255, 255, 255);\" >\n\t\t\t\n\t\t\t\n\n\t<div class=\"img has-hover x md-x lg-x y md-y lg-y\" id=\"image_572328192\">\n\t\t\t\t\t\t\t\t<div class=\"img-inner box-shadow-2 dark\" >\n\t\t\t<img loading=\"lazy\" decoding=\"async\" width=\"924\" height=\"246\" src=\"http:\/\/gezairi.com\/tr\/wp-content\/uploads\/2023\/09\/1-shipping-agencies.jpeg\" class=\"attachment-large size-large\" alt=\"\" srcset=\"http:\/\/gezairi.com\/tr\/wp-content\/uploads\/2023\/09\/1-shipping-agencies.jpeg 924w, http:\/\/gezairi.com\/tr\/wp-content\/uploads\/2023\/09\/1-shipping-agencies-800x213.jpeg 800w, http:\/\/gezairi.com\/tr\/wp-content\/uploads\/2023\/09\/1-shipping-agencies-768x204.jpeg 768w\" sizes=\"auto, (max-width: 924px) 100vw, 924px\" \/>\t\t\t\t\t\t\n\t\t\t\t\t<\/div>\n\t\t\t\t\t\t\t\t\n<style>\n#image_572328192 {\n  width: 100%;\n}\n<\/style>\n\t<\/div>\n\t\n\n\n\t\t<\/div>\n\t\t\t\t\n<style>\n#col-1138743820 > .col-inner {\n  padding: 15px 15px 15px 15px;\n}\n<\/style>\n\t<\/div>\n\n\t\n\n\t<div id=\"col-2089601492\" class=\"col small-12 large-12\"  >\n\t\t\t\t<div class=\"col-inner text-right\"  >\n\t\t\t\n\t\t\t\n\n\t<div id=\"text-3949901478\" class=\"text\">\n\t\t\n\n<div class=\"title\">\n<div class=\"title\">\n<div class=\"title\">Gemi Acenteli\u011fi<\/div>\n<\/div>\n<div>\u00a0<\/div>\n\u00d6nde gelen armat\u00f6rlerin, gemi kirac\u0131lar\u0131n\u0131n ve 7 denizi kapsayan operatorlerin g\u00fcvenilir partneri<br \/>&#8211; Ortakl\u0131klar:\n<blockquote>* Arkas Line SAL<br \/>* Feeder Shipping Agency (UFS and MCL feeder service)<\/blockquote>\n&#8211; Acentelikler:\n<blockquote>* Safmarine Container Lines<br \/>* Sermar Line Srl<br \/>* The shipping corporation of India Lts (SCI)<\/blockquote>\n<\/div>\n\t\t\n<style>\n#text-3949901478 {\n  text-align: left;\n  color: #3d6e8e;\n}\n#text-3949901478 > * {\n  color: #3d6e8e;\n}\n<\/style>\n\t<\/div>\n\t\n\n\t\t<\/div>\n\t\t\t\t\t<\/div>\n\n\t\n\n<\/div>\n\n\t\t<\/div>\n\n\t\t\n<style>\n#section_244330878 {\n  padding-top: 59px;\n  padding-bottom: 59px;\n  min-height: 300px;\n  background-color: rgb(240, 240, 240);\n}\n<\/style>\n\t<\/section>\n\t\n\n","protected":false},"excerpt":{"rendered":"","protected":false},"author":2,"featured_media":0,"parent":220,"menu_order":1,"comment_status":"closed","ping_status":"closed","template":"page-blank.php","meta":{"footnotes":""},"class_list":["post-346","page","type-page","status-publish","hentry"],"_links":{"self":[{"href":"http:\/\/gezairi.com\/tr\/wp-json\/wp\/v2\/pages\/346","targetHints":{"allow":["GET"]}}],"collection":[{"href":"http:\/\/gezairi.com\/tr\/wp-json\/wp\/v2\/pages"}],"about":[{"href":"http:\/\/gezairi.com\/tr\/wp-json\/wp\/v2\/types\/page"}],"author":[{"embeddable":true,"href":"http:\/\/gezairi.com\/tr\/wp-json\/wp\/v2\/users\/2"}],"replies":[{"embeddable":true,"href":"http:\/\/gezairi.com\/tr\/wp-json\/wp\/v2\/comments?post=346"}],"version-history":[{"count":7,"href":"http:\/\/gezairi.com\/tr\/wp-json\/wp\/v2\/pages\/346\/revisions"}],"predecessor-version":[{"id":599,"href":"http:\/\/gezairi.com\/tr\/wp-json\/wp\/v2\/pages\/346\/revisions\/599"}],"up":[{"embeddable":true,"href":"http:\/\/gezairi.com\/tr\/wp-json\/wp\/v2\/pages\/220"}],"wp:attachment":[{"href":"http:\/\/gezairi.com\/tr\/wp-json\/wp\/v2\/media?parent=346"}],"curies":[{"name":"wp","href":"https:\/\/api.w.org\/{rel}","templated":true}]}}