{"id":345,"date":"2023-09-20T13:06:08","date_gmt":"2023-09-20T13:06:08","guid":{"rendered":"http:\/\/gezairi.com\/tr\/?page_id=345"},"modified":"2023-10-02T12:45:54","modified_gmt":"2023-10-02T12:45:54","slug":"kara-tasimaciligi","status":"publish","type":"page","link":"http:\/\/gezairi.com\/tr\/servislerimiz\/kara-tasimaciligi\/","title":{"rendered":"KARA TA\u015eIMACILI\u011eI"},"content":{"rendered":"\n\t<section class=\"section\" id=\"section_790554479\">\n\t\t<div class=\"bg section-bg fill bg-fill  bg-loaded\" >\n\n\t\t\t\n\t\t\t\n\t\t\t\n\t<div class=\"is-border\"\n\t\tstyle=\"border-color:rgb(235, 235, 235);border-width:1px 0px 0px 0px;\">\n\t<\/div>\n\n\t\t<\/div>\n\n\t\t\n\n\t\t<div class=\"section-content relative\">\n\t\t\t\n\n<div class=\"row row-large align-middle align-center\"  id=\"row-2014452852\">\n\n\n\t<div id=\"col-225522397\" class=\"col small-12 large-12\"  >\n\t\t\t\t<div class=\"col-inner box-shadow-2 box-shadow-5-hover\" style=\"background-color:rgb(255, 255, 255);\" >\n\t\t\t\n\t\t\t\n\n\t<div class=\"img has-hover x md-x lg-x y md-y lg-y\" id=\"image_429299731\">\n\t\t\t\t\t\t\t\t<div class=\"img-inner box-shadow-2 dark\" >\n\t\t\t<img loading=\"lazy\" decoding=\"async\" width=\"924\" height=\"246\" src=\"http:\/\/gezairi.com\/tr\/wp-content\/uploads\/2023\/09\/3-Land-Freight.jpeg\" class=\"attachment-large size-large\" alt=\"\" srcset=\"http:\/\/gezairi.com\/tr\/wp-content\/uploads\/2023\/09\/3-Land-Freight.jpeg 924w, http:\/\/gezairi.com\/tr\/wp-content\/uploads\/2023\/09\/3-Land-Freight-800x213.jpeg 800w, http:\/\/gezairi.com\/tr\/wp-content\/uploads\/2023\/09\/3-Land-Freight-768x204.jpeg 768w\" sizes=\"auto, (max-width: 924px) 100vw, 924px\" \/>\t\t\t\t\t\t\n\t\t\t\t\t<\/div>\n\t\t\t\t\t\t\t\t\n<style>\n#image_429299731 {\n  width: 100%;\n}\n<\/style>\n\t<\/div>\n\t\n\n\n\t\t<\/div>\n\t\t\t\t\n<style>\n#col-225522397 > .col-inner {\n  padding: 15px 15px 15px 15px;\n}\n<\/style>\n\t<\/div>\n\n\t\n\n\t<div id=\"col-281365880\" class=\"col small-12 large-12\"  >\n\t\t\t\t<div class=\"col-inner text-right\"  >\n\t\t\t\n\t\t\t\n\n\t<div id=\"text-2888018542\" class=\"text\">\n\t\t\n\n<div class=\"title\">\n<div class=\"title\">\n<p><b>Kara Yolu<\/b><\/p>\n<p>Hi\u00e7bir y\u00fck \u00e7ok b\u00fcy\u00fck veya \u00e7ok a\u011f\u0131r de\u011fildir: i\u015finin ehli uzmanlar taraf\u0131ndan her ad\u0131mda h\u0131zl\u0131, verimli ve dikkatli elle\u00e7leme<br \/>&#8211;\u00a0Full ve parsiyel karayolu y\u00fcklemeleri (uluslararas\u0131 ve \u00fclke i\u00e7i)<br \/>&#8211;\u00a0Kap\u0131dan limana, limandan kap\u0131ya konteyner ta\u015f\u0131malar\u0131, a\u00e7\u0131k y\u00fck ve \u00f6zel ekipman ta\u015f\u0131malar\u0131<br \/>&#8211;\u00a0Ithalat, ihracat ve transit y\u00fckler<br \/>&#8211;\u00a0T\u00fcm s\u0131n\u0131r kap\u0131lar\u0131nda ve i\u00e7 destinasyonlarda geni\u015f bir network<br \/>&#8211;\u00a0En \u00f6nde gelen ta\u015f\u0131y\u0131c\u0131larla global anla\u015fmalar ve her \u00fclkede\/b\u00f6lgede se\u00e7kin payda\u015flarla g\u00fcvenli ve zaman\u0131nda teslimatlar<br \/>&#8211;\u00a0Dok\u00fcmantasyon ve g\u00fcmr\u00fckleme servisi<br \/>&#8211;\u00a0Kendi ekipmanlar\u0131m\u0131zla \u00f6zel teslimatlar<\/p>\n<\/div>\n<\/div>\n\t\t\n<style>\n#text-2888018542 {\n  text-align: left;\n  color: #3d6e8e;\n}\n#text-2888018542 > * {\n  color: #3d6e8e;\n}\n<\/style>\n\t<\/div>\n\t\n\n\t\t<\/div>\n\t\t\t\t\t<\/div>\n\n\t\n\n<\/div>\n\n\t\t<\/div>\n\n\t\t\n<style>\n#section_790554479 {\n  padding-top: 59px;\n  padding-bottom: 59px;\n  min-height: 300px;\n  background-color: rgb(240, 240, 240);\n}\n<\/style>\n\t<\/section>\n\t\n\n","protected":false},"excerpt":{"rendered":"","protected":false},"author":2,"featured_media":0,"parent":220,"menu_order":1,"comment_status":"closed","ping_status":"closed","template":"page-blank.php","meta":{"footnotes":""},"class_list":["post-345","page","type-page","status-publish","hentry"],"_links":{"self":[{"href":"http:\/\/gezairi.com\/tr\/wp-json\/wp\/v2\/pages\/345","targetHints":{"allow":["GET"]}}],"collection":[{"href":"http:\/\/gezairi.com\/tr\/wp-json\/wp\/v2\/pages"}],"about":[{"href":"http:\/\/gezairi.com\/tr\/wp-json\/wp\/v2\/types\/page"}],"author":[{"embeddable":true,"href":"http:\/\/gezairi.com\/tr\/wp-json\/wp\/v2\/users\/2"}],"replies":[{"embeddable":true,"href":"http:\/\/gezairi.com\/tr\/wp-json\/wp\/v2\/comments?post=345"}],"version-history":[{"count":6,"href":"http:\/\/gezairi.com\/tr\/wp-json\/wp\/v2\/pages\/345\/revisions"}],"predecessor-version":[{"id":575,"href":"http:\/\/gezairi.com\/tr\/wp-json\/wp\/v2\/pages\/345\/revisions\/575"}],"up":[{"embeddable":true,"href":"http:\/\/gezairi.com\/tr\/wp-json\/wp\/v2\/pages\/220"}],"wp:attachment":[{"href":"http:\/\/gezairi.com\/tr\/wp-json\/wp\/v2\/media?parent=345"}],"curies":[{"name":"wp","href":"https:\/\/api.w.org\/{rel}","templated":true}]}}