{"id":339,"date":"2023-09-20T13:02:53","date_gmt":"2023-09-20T13:02:53","guid":{"rendered":"http:\/\/gezairi.com\/tr\/?page_id=339"},"modified":"2023-10-02T13:10:53","modified_gmt":"2023-10-02T13:10:53","slug":"hava-tasimaciligi","status":"publish","type":"page","link":"http:\/\/gezairi.com\/tr\/servislerimiz\/hava-tasimaciligi\/","title":{"rendered":"HAVA TA\u015eIMACILI\u011eI"},"content":{"rendered":"\n\t<section class=\"section\" id=\"section_38736884\">\n\t\t<div class=\"bg section-bg fill bg-fill  bg-loaded\" >\n\n\t\t\t\n\t\t\t\n\t\t\t\n\t<div class=\"is-border\"\n\t\tstyle=\"border-color:rgb(235, 235, 235);border-width:1px 0px 0px 0px;\">\n\t<\/div>\n\n\t\t<\/div>\n\n\t\t\n\n\t\t<div class=\"section-content relative\">\n\t\t\t\n\n<div class=\"row row-large align-middle align-center\"  id=\"row-1772672212\">\n\n\n\t<div id=\"col-257523219\" class=\"col small-12 large-12\"  >\n\t\t\t\t<div class=\"col-inner box-shadow-2 box-shadow-5-hover\" style=\"background-color:rgb(255, 255, 255);\" >\n\t\t\t\n\t\t\t\n\n\t<div class=\"img has-hover x md-x lg-x y md-y lg-y\" id=\"image_1762590266\">\n\t\t\t\t\t\t\t\t<div class=\"img-inner box-shadow-2 dark\" >\n\t\t\t<img loading=\"lazy\" decoding=\"async\" width=\"924\" height=\"246\" src=\"http:\/\/gezairi.com\/tr\/wp-content\/uploads\/2023\/09\/2-Air-Freight.jpeg\" class=\"attachment-large size-large\" alt=\"\" srcset=\"http:\/\/gezairi.com\/tr\/wp-content\/uploads\/2023\/09\/2-Air-Freight.jpeg 924w, http:\/\/gezairi.com\/tr\/wp-content\/uploads\/2023\/09\/2-Air-Freight-800x213.jpeg 800w, http:\/\/gezairi.com\/tr\/wp-content\/uploads\/2023\/09\/2-Air-Freight-768x204.jpeg 768w\" sizes=\"auto, (max-width: 924px) 100vw, 924px\" \/>\t\t\t\t\t\t\n\t\t\t\t\t<\/div>\n\t\t\t\t\t\t\t\t\n<style>\n#image_1762590266 {\n  width: 100%;\n}\n<\/style>\n\t<\/div>\n\t\n\n\n\t\t<\/div>\n\t\t\t\t\n<style>\n#col-257523219 > .col-inner {\n  padding: 15px 15px 15px 15px;\n}\n<\/style>\n\t<\/div>\n\n\t\n\n\t<div id=\"col-1003659013\" class=\"col small-12 large-12\"  >\n\t\t\t\t<div class=\"col-inner text-right\"  >\n\t\t\t\n\t\t\t\n\n\t<div id=\"text-2411350927\" class=\"text\">\n\t\t\n\n<div class=\"title\">\n<div class=\"title\">\n<div class=\"title\"><strong>Hava Yolu<\/strong><\/div>\n<div>\u00a0<\/div>\nT\u00fcm uluslararas\u0131 piyasalar\u0131 birbirine ba\u011flayan h\u0131zl\u0131, g\u00fcvenilir ve uygun maliyetli \u00e7\u00f6z\u00fcmler<\/div>\n<div class=\"title\">&#8211;\u00a0Global havayollar\u0131yla anla\u015fmalar<br \/>&#8211;\u00a0Konsolidasyon ve do\u011frudan al\u0131c\u0131ya teslim uluslararas\u0131 servisler<br \/>&#8211;\u00a0Havaliman\u0131ndan havaliman\u0131na, kap\u0131dan kap\u0131ya teslimatlar<br \/>&#8211;\u00a0Full ve parsiyel u\u00e7ak kiralama<br \/>&#8211;\u00a0\u00d6zel proje y\u00fcklemelerinin elle\u00e7lenmesi (a\u011f\u0131r, gabari d\u0131\u015f\u0131 malzemeler, mal bedeli y\u00fcksek \u00fcr\u00fcnler ve tehlikeli madde s\u0131n\u0131f\u0131na giren y\u00fckler)<br \/>&#8211;\u00a0Otomotiv, moda ve acil yard\u0131m \u00fcr\u00fcnleri i\u00e7in \u00f6zellikli \u00e7\u00f6z\u00fcmler<br \/>&#8211;\u00a0Deniz-hava multimodal servisler<\/div>\n<\/div>\n\t\t\n<style>\n#text-2411350927 {\n  text-align: left;\n  color: #3d6e8e;\n}\n#text-2411350927 > * {\n  color: #3d6e8e;\n}\n<\/style>\n\t<\/div>\n\t\n\n\t\t<\/div>\n\t\t\t\t\t<\/div>\n\n\t\n\n<\/div>\n\n\t\t<\/div>\n\n\t\t\n<style>\n#section_38736884 {\n  padding-top: 59px;\n  padding-bottom: 59px;\n  min-height: 300px;\n  background-color: rgb(240, 240, 240);\n}\n<\/style>\n\t<\/section>\n\t\n\n","protected":false},"excerpt":{"rendered":"","protected":false},"author":2,"featured_media":0,"parent":220,"menu_order":1,"comment_status":"closed","ping_status":"closed","template":"page-blank.php","meta":{"footnotes":""},"class_list":["post-339","page","type-page","status-publish","hentry"],"_links":{"self":[{"href":"http:\/\/gezairi.com\/tr\/wp-json\/wp\/v2\/pages\/339","targetHints":{"allow":["GET"]}}],"collection":[{"href":"http:\/\/gezairi.com\/tr\/wp-json\/wp\/v2\/pages"}],"about":[{"href":"http:\/\/gezairi.com\/tr\/wp-json\/wp\/v2\/types\/page"}],"author":[{"embeddable":true,"href":"http:\/\/gezairi.com\/tr\/wp-json\/wp\/v2\/users\/2"}],"replies":[{"embeddable":true,"href":"http:\/\/gezairi.com\/tr\/wp-json\/wp\/v2\/comments?post=339"}],"version-history":[{"count":10,"href":"http:\/\/gezairi.com\/tr\/wp-json\/wp\/v2\/pages\/339\/revisions"}],"predecessor-version":[{"id":589,"href":"http:\/\/gezairi.com\/tr\/wp-json\/wp\/v2\/pages\/339\/revisions\/589"}],"up":[{"embeddable":true,"href":"http:\/\/gezairi.com\/tr\/wp-json\/wp\/v2\/pages\/220"}],"wp:attachment":[{"href":"http:\/\/gezairi.com\/tr\/wp-json\/wp\/v2\/media?parent=339"}],"curies":[{"name":"wp","href":"https:\/\/api.w.org\/{rel}","templated":true}]}}