{"id":332,"date":"2023-09-20T12:59:54","date_gmt":"2023-09-20T12:59:54","guid":{"rendered":"http:\/\/gezairi.com\/tr\/?page_id=332"},"modified":"2023-10-02T13:24:55","modified_gmt":"2023-10-02T13:24:55","slug":"surdurulebilirlik","status":"publish","type":"page","link":"http:\/\/gezairi.com\/tr\/kurumsal-degerlerimiz\/surdurulebilirlik\/","title":{"rendered":"S\u00dcRD\u00dcR\u00dcLEB\u0130L\u0130RL\u0130K"},"content":{"rendered":"\n\t<section class=\"section\" id=\"section_1819789614\">\n\t\t<div class=\"bg section-bg fill bg-fill  bg-loaded\" >\n\n\t\t\t\n\t\t\t\n\t\t\t\n\t<div class=\"is-border\"\n\t\tstyle=\"border-color:rgb(235, 235, 235);border-width:1px 0px 0px 0px;\">\n\t<\/div>\n\n\t\t<\/div>\n\n\t\t\n\n\t\t<div class=\"section-content relative\">\n\t\t\t\n\n<div class=\"row row-large align-middle align-center\"  id=\"row-212559860\">\n\n\n\t<div id=\"col-1222060339\" class=\"col small-12 large-12\"  >\n\t\t\t\t<div class=\"col-inner box-shadow-2 box-shadow-5-hover\" style=\"background-color:rgb(255, 255, 255);\" >\n\t\t\t\n\t\t\t\n\n\t<div class=\"img has-hover x md-x lg-x y md-y lg-y\" id=\"image_1249760672\">\n\t\t\t\t\t\t\t\t<div class=\"img-inner box-shadow-2 dark\" >\n\t\t\t<img loading=\"lazy\" decoding=\"async\" width=\"924\" height=\"246\" src=\"http:\/\/gezairi.com\/tr\/wp-content\/uploads\/2023\/09\/sustainability.jpg\" class=\"attachment-large size-large\" alt=\"\" srcset=\"http:\/\/gezairi.com\/tr\/wp-content\/uploads\/2023\/09\/sustainability.jpg 924w, http:\/\/gezairi.com\/tr\/wp-content\/uploads\/2023\/09\/sustainability-800x213.jpg 800w, http:\/\/gezairi.com\/tr\/wp-content\/uploads\/2023\/09\/sustainability-768x204.jpg 768w\" sizes=\"auto, (max-width: 924px) 100vw, 924px\" \/>\t\t\t\t\t\t\n\t\t\t\t\t<\/div>\n\t\t\t\t\t\t\t\t\n<style>\n#image_1249760672 {\n  width: 100%;\n}\n<\/style>\n\t<\/div>\n\t\n\n\n\t\t<\/div>\n\t\t\t\t\n<style>\n#col-1222060339 > .col-inner {\n  padding: 15px 15px 15px 15px;\n}\n<\/style>\n\t<\/div>\n\n\t\n\n\t<div id=\"col-429100214\" class=\"col small-12 large-12\"  >\n\t\t\t\t<div class=\"col-inner text-right\"  >\n\t\t\t\n\t\t\t\n\n\t<div id=\"text-3459069342\" class=\"text\">\n\t\t\n\n<div class=\"title\"><strong>S\u00fcrd\u00fcr\u00fclebilirlik<\/strong><\/div>\n<div>\u00a0<\/div>\n<p>BM K\u00fcresel \u0130lkeler S\u00f6zle\u015fmesi\u2019ne destek<br \/>&#8211; G\u00fc\u00e7l\u00fc etik ilkelere ba\u011fl\u0131 kalmak<br \/>&#8211; Gen\u00e7li\u011fin e\u011fitimine ve yetkilendirilmesine destek vermek<br \/>&#8211; Yenilik k\u00fclt\u00fcr\u00fc olu\u015fturmak<br \/>&#8211; \u00c7evreci etkiyi do\u011fru y\u00f6netmek ve te\u015fvik etmek<br \/>&#8211; \u00c7al\u0131\u015fanlar\u0131m\u0131z\u0131n geli\u015fimi ve refah\u0131 i\u00e7in s\u00f6z vermek<br \/>&#8211; Payda\u015flar\u0131m\u0131za daha fazla g\u00fcven beslemek<br \/>&#8211; Sa\u011fl\u0131k ve personel g\u00fcvenli\u011fine \u00f6nem vermek<\/p>\n\t\t\n<style>\n#text-3459069342 {\n  text-align: left;\n  color: #3d6e8e;\n}\n#text-3459069342 > * {\n  color: #3d6e8e;\n}\n<\/style>\n\t<\/div>\n\t\n\n\t\t<\/div>\n\t\t\t\t\t<\/div>\n\n\t\n\n<\/div>\n\n\t\t<\/div>\n\n\t\t\n<style>\n#section_1819789614 {\n  padding-top: 59px;\n  padding-bottom: 59px;\n  min-height: 300px;\n  background-color: rgb(240, 240, 240);\n}\n<\/style>\n\t<\/section>\n\t\n\n","protected":false},"excerpt":{"rendered":"","protected":false},"author":1,"featured_media":0,"parent":218,"menu_order":0,"comment_status":"closed","ping_status":"closed","template":"page-blank.php","meta":{"footnotes":""},"class_list":["post-332","page","type-page","status-publish","hentry"],"_links":{"self":[{"href":"http:\/\/gezairi.com\/tr\/wp-json\/wp\/v2\/pages\/332","targetHints":{"allow":["GET"]}}],"collection":[{"href":"http:\/\/gezairi.com\/tr\/wp-json\/wp\/v2\/pages"}],"about":[{"href":"http:\/\/gezairi.com\/tr\/wp-json\/wp\/v2\/types\/page"}],"author":[{"embeddable":true,"href":"http:\/\/gezairi.com\/tr\/wp-json\/wp\/v2\/users\/1"}],"replies":[{"embeddable":true,"href":"http:\/\/gezairi.com\/tr\/wp-json\/wp\/v2\/comments?post=332"}],"version-history":[{"count":5,"href":"http:\/\/gezairi.com\/tr\/wp-json\/wp\/v2\/pages\/332\/revisions"}],"predecessor-version":[{"id":596,"href":"http:\/\/gezairi.com\/tr\/wp-json\/wp\/v2\/pages\/332\/revisions\/596"}],"up":[{"embeddable":true,"href":"http:\/\/gezairi.com\/tr\/wp-json\/wp\/v2\/pages\/218"}],"wp:attachment":[{"href":"http:\/\/gezairi.com\/tr\/wp-json\/wp\/v2\/media?parent=332"}],"curies":[{"name":"wp","href":"https:\/\/api.w.org\/{rel}","templated":true}]}}