{"id":271,"date":"2023-09-20T11:39:48","date_gmt":"2023-09-20T11:39:48","guid":{"rendered":"http:\/\/gezairi.com\/tr\/?page_id=271"},"modified":"2023-10-02T13:19:56","modified_gmt":"2023-10-02T13:19:56","slug":"ceodan-mesaj","status":"publish","type":"page","link":"http:\/\/gezairi.com\/tr\/firmamiz\/ceodan-mesaj\/","title":{"rendered":"CEO&#8217;DAN MESAJ"},"content":{"rendered":"\n\t<section class=\"section\" id=\"section_1106747479\">\n\t\t<div class=\"bg section-bg fill bg-fill  bg-loaded\" >\n\n\t\t\t\n\t\t\t\n\t\t\t\n\t<div class=\"is-border\"\n\t\tstyle=\"border-color:rgb(235, 235, 235);border-width:1px 0px 0px 0px;\">\n\t<\/div>\n\n\t\t<\/div>\n\n\t\t\n\n\t\t<div class=\"section-content relative\">\n\t\t\t\n\n<div class=\"row row-large align-middle\"  id=\"row-1277376559\">\n\n\n\t<div id=\"col-1303412675\" class=\"col medium-3 small-12 large-3\"  >\n\t\t\t\t<div class=\"col-inner box-shadow-2 box-shadow-5-hover\" style=\"background-color:rgb(255, 255, 255);\" >\n\t\t\t\n\t\t\t\n\n\t<div class=\"img has-hover x md-x lg-x y md-y lg-y\" id=\"image_1460339402\">\n\t\t\t\t\t\t\t\t<div class=\"img-inner dark\" >\n\t\t\t<img loading=\"lazy\" decoding=\"async\" width=\"166\" height=\"250\" src=\"http:\/\/gezairi.com\/tr\/wp-content\/uploads\/2023\/09\/Mona-Bawarchi.jpg\" class=\"attachment-large size-large\" alt=\"\" \/>\t\t\t\t\t\t\n\t\t\t\t\t<\/div>\n\t\t\t\t\t\t\t\t\n<style>\n#image_1460339402 {\n  width: 100%;\n}\n<\/style>\n\t<\/div>\n\t\n\n\n\t\t<\/div>\n\t\t\t\t\n<style>\n#col-1303412675 > .col-inner {\n  padding: 15px 15px 15px 15px;\n}\n<\/style>\n\t<\/div>\n\n\t\n\n\t<div id=\"col-1612943942\" class=\"col medium-9 small-12 large-9\"  >\n\t\t\t\t<div class=\"col-inner text-left\"  >\n\t\t\t\n\t\t\t\n\n\t<div id=\"text-3344894775\" class=\"text\">\n\t\t\n\n<div class=\"title\">\u00a0<\/div>\n<h2><span style=\"color: #3d6e8e;\">Y\u00f6netim Kurulu Ba\u015fkan\u0131 (CEO) Bayan Mona Bawarshi\u2019den Mesaj<\/span><\/h2>\n<p>1945 y\u0131l\u0131ndaki kurulu\u015fundan bu yana Gezairi Transport\u2019un as\u0131l tutkusu, m\u00fc\u015fterilerine ve al\u0131c\u0131lar\u0131na y\u00fcksek kaliteli hizmetleri sa\u011flamada m\u00fckemmel olmakt\u0131r. Benim \u00f6nceli\u011fim, yapt\u0131\u011f\u0131m\u0131z her \u015feyde slogan\u0131m\u0131z olan \u201cM\u00fckemmellik Yemini\u201dnin yerine getirilmesini sa\u011flamakt\u0131r.<\/p>\n<p>Beyrut\u2019taki k\u00fc\u00e7\u00fck bir g\u00fcmr\u00fckleme ofisinden, L\u00fcbnan, \u00dcrd\u00fcn, Irak, T\u00fcrkiye ve K\u0131br\u0131s\u2019ta 22 ofis ile b\u00f6lge \u00e7ap\u0131nda hizmet veren ve \u00e7ok \u00e7e\u015fitli sevkiyat, nakliye ve lojistik \u00e7\u00f6z\u00fcmleri sunan bir firma do\u011fdu. Ayr\u0131ca k\u00fcresel \u00e7apta, g\u00fc\u00e7l\u00fc ve g\u00fcvenilir a\u011flar sa\u011flamak ve hissedarlar\u0131m\u0131zla uzun s\u00fcreli bir ortakl\u0131k tesis etmi\u015f olmakla da gurur duyuyoruz.<\/p>\n<p>Bug\u00fcnk\u00fc ana hedefimiz, m\u00fc\u015fterilerimizin ve hissedarlar\u0131m\u0131z\u0131n ihtiya\u00e7lar\u0131n\u0131 kar\u015f\u0131laman\u0131n ve bu ihtiya\u00e7lar\u0131 a\u015fman\u0131n s\u0131n\u0131rlar\u0131n\u0131 zorlayarak, faaliyet alan\u0131m\u0131zda liderli\u011fimizi muhafaza etmek ve sevkiyat ve ta\u015f\u0131mac\u0131l\u0131k end\u00fcstrisinde bir referans olarak kalmakt\u0131r. <\/p>\n<p>Yenili\u011fi te\u015fvik edip, kurum i\u00e7i giri\u015fimcili\u011fi desteklerken bir yandan da en b\u00fcy\u00fck varl\u0131\u011f\u0131m\u0131z olan insan sermayemizin refah\u0131na ve geli\u015fimine yat\u0131r\u0131m yaparak, tak\u0131m i\u00e7erisinde aidiyet duygusunun beslenmesi gerekti\u011fine inan\u0131yoruz.<\/p>\n<p>\u00c7abalar\u0131m\u0131z, g\u00f6rev ve sorumluluk s\u0131n\u0131rlar\u0131n\u0131n \u00f6tesine ge\u00e7mektedir. Gezairi Transport, faaliyet g\u00f6sterdi\u011fimiz toplumda k\u00f6kle\u015fmi\u015ftir.<\/p>\n<p>Miras\u0131m\u0131zla birlikte m\u00fckemmelli\u011fe, end\u00fcstriye, hissedarlara, topluluklara ve \u00e7evreye kar\u015f\u0131 olan y\u00fck\u00fcml\u00fcl\u00fc\u011f\u00fcm\u00fcz de devam etmektedir.<\/p>\n\n\t\t\n<style>\n#text-3344894775 {\n  font-size: 0.75rem;\n  text-align: left;\n}\n<\/style>\n\t<\/div>\n\t\n\n\t\t<\/div>\n\t\t\t\t\t<\/div>\n\n\t\n\n<\/div>\n\n\t\t<\/div>\n\n\t\t\n<style>\n#section_1106747479 {\n  padding-top: 59px;\n  padding-bottom: 59px;\n  min-height: 300px;\n  background-color: rgb(240, 240, 240);\n}\n<\/style>\n\t<\/section>\n\t\n\n","protected":false},"excerpt":{"rendered":"","protected":false},"author":1,"featured_media":0,"parent":216,"menu_order":0,"comment_status":"closed","ping_status":"closed","template":"page-blank.php","meta":{"footnotes":""},"class_list":["post-271","page","type-page","status-publish","hentry"],"_links":{"self":[{"href":"http:\/\/gezairi.com\/tr\/wp-json\/wp\/v2\/pages\/271","targetHints":{"allow":["GET"]}}],"collection":[{"href":"http:\/\/gezairi.com\/tr\/wp-json\/wp\/v2\/pages"}],"about":[{"href":"http:\/\/gezairi.com\/tr\/wp-json\/wp\/v2\/types\/page"}],"author":[{"embeddable":true,"href":"http:\/\/gezairi.com\/tr\/wp-json\/wp\/v2\/users\/1"}],"replies":[{"embeddable":true,"href":"http:\/\/gezairi.com\/tr\/wp-json\/wp\/v2\/comments?post=271"}],"version-history":[{"count":5,"href":"http:\/\/gezairi.com\/tr\/wp-json\/wp\/v2\/pages\/271\/revisions"}],"predecessor-version":[{"id":593,"href":"http:\/\/gezairi.com\/tr\/wp-json\/wp\/v2\/pages\/271\/revisions\/593"}],"up":[{"embeddable":true,"href":"http:\/\/gezairi.com\/tr\/wp-json\/wp\/v2\/pages\/216"}],"wp:attachment":[{"href":"http:\/\/gezairi.com\/tr\/wp-json\/wp\/v2\/media?parent=271"}],"curies":[{"name":"wp","href":"https:\/\/api.w.org\/{rel}","templated":true}]}}