{"id":232,"date":"2023-09-20T11:21:49","date_gmt":"2023-09-20T11:21:49","guid":{"rendered":"http:\/\/gezairi.com\/tr\/?page_id=232"},"modified":"2023-10-02T12:04:22","modified_gmt":"2023-10-02T12:04:22","slug":"hakkimizda","status":"publish","type":"page","link":"http:\/\/gezairi.com\/tr\/firmamiz\/hakkimizda\/","title":{"rendered":"HAKKIMIZDA"},"content":{"rendered":"\n\t<section class=\"section\" id=\"section_1907608783\">\n\t\t<div class=\"bg section-bg fill bg-fill  bg-loaded\" >\n\n\t\t\t\n\t\t\t\n\t\t\t\n\t<div class=\"is-border\"\n\t\tstyle=\"border-color:rgb(235, 235, 235);border-width:1px 0px 0px 0px;\">\n\t<\/div>\n\n\t\t<\/div>\n\n\t\t\n\n\t\t<div class=\"section-content relative\">\n\t\t\t\n\n<div class=\"row row-large align-middle align-center\"  id=\"row-1006353607\">\n\n\n\t<div id=\"col-1585870462\" class=\"col small-12 large-12\"  >\n\t\t\t\t<div class=\"col-inner text-left\"  >\n\t\t\t\n\t\t\t\n\n\t<div id=\"text-2299685043\" class=\"text\">\n\t\t\n\n<p><strong>Hakk\u0131m\u0131zda<\/strong><\/p>\n<p>Y\u00fcksek kalitede ve uygun maliyetle her t\u00fcrl\u00fc ta\u015f\u0131mac\u0131l\u0131k, denizcilik ve lojistik servislerini sunmak ve bu konuda sekt\u00f6rde liderli\u011fi korumak<br>S\u00f6z\u00fcm\u00fcz, k\u00f6kl\u00fc miras\u0131m\u0131zdan ilham alarak b\u00f6lgemizde \u00f6nc\u00fcl\u00fck etmektir.<br><br>Amac\u0131m\u0131z, m\u00fc\u015fterilerimizi tan\u0131mlad\u0131klar\u0131 ihtiya\u00e7lar\u0131n\u0131n \u00f6tesine ta\u015f\u0131mak ve y\u00fcklerini en k\u0131sa s\u00fcrede, en uygun maliyetle ve maksimum g\u00fcvenle yerlerine ula\u015ft\u0131rmakt\u0131r.<br><br>Aray\u0131\u015f\u0131m\u0131z, inand\u0131\u011f\u0131m\u0131z ve yat\u0131r\u0131m yapt\u0131\u011f\u0131m\u0131z ta\u015f\u0131mac\u0131l\u0131k end\u00fcstrisini ve insan kaynaklar\u0131n\u0131 geli\u015ftirmeye y\u00f6nelik her t\u00fcrl\u00fc yeni fikir ve teknolojiye a\u00e7\u0131k ve duyarl\u0131 olmakt\u0131r.<\/p>\n\t\t\n<style>\n#text-2299685043 {\n  text-align: left;\n  color: rgb(61, 110, 142);\n}\n#text-2299685043 > * {\n  color: rgb(61, 110, 142);\n}\n<\/style>\n\t<\/div>\n\t\n\n\t\t<\/div>\n\t\t\t\t\t<\/div>\n\n\t\n\n<\/div>\n\n\t\t<\/div>\n\n\t\t\n<style>\n#section_1907608783 {\n  padding-top: 59px;\n  padding-bottom: 59px;\n  min-height: 300px;\n  background-color: rgb(240, 240, 240);\n}\n<\/style>\n\t<\/section>\n\t\n","protected":false},"excerpt":{"rendered":"","protected":false},"author":1,"featured_media":0,"parent":216,"menu_order":0,"comment_status":"closed","ping_status":"closed","template":"page-blank.php","meta":{"footnotes":""},"class_list":["post-232","page","type-page","status-publish","hentry"],"_links":{"self":[{"href":"http:\/\/gezairi.com\/tr\/wp-json\/wp\/v2\/pages\/232","targetHints":{"allow":["GET"]}}],"collection":[{"href":"http:\/\/gezairi.com\/tr\/wp-json\/wp\/v2\/pages"}],"about":[{"href":"http:\/\/gezairi.com\/tr\/wp-json\/wp\/v2\/types\/page"}],"author":[{"embeddable":true,"href":"http:\/\/gezairi.com\/tr\/wp-json\/wp\/v2\/users\/1"}],"replies":[{"embeddable":true,"href":"http:\/\/gezairi.com\/tr\/wp-json\/wp\/v2\/comments?post=232"}],"version-history":[{"count":7,"href":"http:\/\/gezairi.com\/tr\/wp-json\/wp\/v2\/pages\/232\/revisions"}],"predecessor-version":[{"id":564,"href":"http:\/\/gezairi.com\/tr\/wp-json\/wp\/v2\/pages\/232\/revisions\/564"}],"up":[{"embeddable":true,"href":"http:\/\/gezairi.com\/tr\/wp-json\/wp\/v2\/pages\/216"}],"wp:attachment":[{"href":"http:\/\/gezairi.com\/tr\/wp-json\/wp\/v2\/media?parent=232"}],"curies":[{"name":"wp","href":"https:\/\/api.w.org\/{rel}","templated":true}]}}