{"id":230,"date":"2023-09-20T11:21:33","date_gmt":"2023-09-20T11:21:33","guid":{"rendered":"http:\/\/gezairi.com\/tr\/?page_id=230"},"modified":"2023-10-02T12:38:56","modified_gmt":"2023-10-02T12:38:56","slug":"deniz-tasimaciligi","status":"publish","type":"page","link":"http:\/\/gezairi.com\/tr\/servislerimiz\/deniz-tasimaciligi\/","title":{"rendered":"DEN\u0130Z TA\u015eIMACILI\u011eI"},"content":{"rendered":"\n\t<section class=\"section\" id=\"section_266249148\">\n\t\t<div class=\"bg section-bg fill bg-fill  bg-loaded\" >\n\n\t\t\t\n\t\t\t\n\t\t\t\n\t<div class=\"is-border\"\n\t\tstyle=\"border-color:rgb(235, 235, 235);border-width:1px 0px 0px 0px;\">\n\t<\/div>\n\n\t\t<\/div>\n\n\t\t\n\n\t\t<div class=\"section-content relative\">\n\t\t\t\n\n<div class=\"row row-large align-middle align-center\"  id=\"row-702744686\">\n\n\n\t<div id=\"col-31882325\" class=\"col small-12 large-12\"  >\n\t\t\t\t<div class=\"col-inner box-shadow-2 box-shadow-5-hover\" style=\"background-color:rgb(255, 255, 255);\" >\n\t\t\t\n\t\t\t\n\n\t<div class=\"img has-hover x md-x lg-x y md-y lg-y\" id=\"image_220542942\">\n\t\t\t\t\t\t\t\t<div class=\"img-inner box-shadow-2 dark\" >\n\t\t\t<img loading=\"lazy\" decoding=\"async\" width=\"924\" height=\"246\" src=\"http:\/\/gezairi.com\/tr\/wp-content\/uploads\/2023\/09\/1-Sea-Freight.jpeg\" class=\"attachment-large size-large\" alt=\"\" srcset=\"http:\/\/gezairi.com\/tr\/wp-content\/uploads\/2023\/09\/1-Sea-Freight.jpeg 924w, http:\/\/gezairi.com\/tr\/wp-content\/uploads\/2023\/09\/1-Sea-Freight-800x213.jpeg 800w, http:\/\/gezairi.com\/tr\/wp-content\/uploads\/2023\/09\/1-Sea-Freight-768x204.jpeg 768w\" sizes=\"auto, (max-width: 924px) 100vw, 924px\" \/>\t\t\t\t\t\t\n\t\t\t\t\t<\/div>\n\t\t\t\t\t\t\t\t\n<style>\n#image_220542942 {\n  width: 100%;\n}\n<\/style>\n\t<\/div>\n\t\n\n\n\t\t<\/div>\n\t\t\t\t\n<style>\n#col-31882325 > .col-inner {\n  padding: 15px 15px 15px 15px;\n}\n<\/style>\n\t<\/div>\n\n\t\n\n\t<div id=\"col-1064019423\" class=\"col small-12 large-12\"  >\n\t\t\t\t<div class=\"col-inner text-right\"  >\n\t\t\t\n\t\t\t\n\n\t<div id=\"text-3030592572\" class=\"text\">\n\t\t\n\n<div class=\"title\"><strong>Deniz Yolu<\/strong><\/div>\n<p>Her denizyolu y\u00fcklemesinde kaliteli ve katma de\u011fer sa\u011flayan hizmetler<br \/>&#8211;\u00a0\u00d6nde gelen t\u00fcm hatlarla global servis anla\u015fmalar\u0131<br \/>&#8211; Her t\u00fcrl\u00fc ihtiyaca y\u00f6nelik \u00e7\u00f6z\u00fcmler:<\/p>\n<blockquote style=\"margin-top: 0px; margin-bottom: 0px;\">\n<p>* Full konteyner y\u00fcklemeleri<br \/>* Parsiyel\/grupaj konteyner y\u00fcklemeleri<br \/>* A\u00e7\u0131k y\u00fck<br \/>* Demiryolu y\u00fcklemeleri<br \/>* Gabari d\u0131\u015f\u0131 a\u011f\u0131r par\u00e7a ve \u00f6zel ekipman y\u00fcklemeleri<\/p>\n<\/blockquote>\n<p>&#8211;\u00a0Limandan limana, kap\u0131dan kap\u0131ya ve depodan depoya teslimatlar<br \/>&#8211;\u00a0Full ve parsiyel gemi kiralama<br \/>&#8211;\u00a0Ithalat, ihracat ve transit dok\u00fcmantasyon ile g\u00fcmr\u00fckleme Hizmetleri<br \/>&#8211;\u00a0Global \u015firketler i\u00e7in ihtiyaca gore \u015fekillendirilmi\u015f \u00e7\u00f6z\u00fcmler<\/p>\n\t\t\n<style>\n#text-3030592572 {\n  text-align: left;\n  color: #3d6e8e;\n}\n#text-3030592572 > * {\n  color: #3d6e8e;\n}\n<\/style>\n\t<\/div>\n\t\n\n\t\t<\/div>\n\t\t\t\t\t<\/div>\n\n\t\n\n<\/div>\n\n\t\t<\/div>\n\n\t\t\n<style>\n#section_266249148 {\n  padding-top: 59px;\n  padding-bottom: 59px;\n  min-height: 300px;\n  background-color: rgb(240, 240, 240);\n}\n<\/style>\n\t<\/section>\n\t\n\n","protected":false},"excerpt":{"rendered":"","protected":false},"author":1,"featured_media":0,"parent":220,"menu_order":0,"comment_status":"closed","ping_status":"closed","template":"page-blank.php","meta":{"footnotes":""},"class_list":["post-230","page","type-page","status-publish","hentry"],"_links":{"self":[{"href":"http:\/\/gezairi.com\/tr\/wp-json\/wp\/v2\/pages\/230","targetHints":{"allow":["GET"]}}],"collection":[{"href":"http:\/\/gezairi.com\/tr\/wp-json\/wp\/v2\/pages"}],"about":[{"href":"http:\/\/gezairi.com\/tr\/wp-json\/wp\/v2\/types\/page"}],"author":[{"embeddable":true,"href":"http:\/\/gezairi.com\/tr\/wp-json\/wp\/v2\/users\/1"}],"replies":[{"embeddable":true,"href":"http:\/\/gezairi.com\/tr\/wp-json\/wp\/v2\/comments?post=230"}],"version-history":[{"count":5,"href":"http:\/\/gezairi.com\/tr\/wp-json\/wp\/v2\/pages\/230\/revisions"}],"predecessor-version":[{"id":572,"href":"http:\/\/gezairi.com\/tr\/wp-json\/wp\/v2\/pages\/230\/revisions\/572"}],"up":[{"embeddable":true,"href":"http:\/\/gezairi.com\/tr\/wp-json\/wp\/v2\/pages\/220"}],"wp:attachment":[{"href":"http:\/\/gezairi.com\/tr\/wp-json\/wp\/v2\/media?parent=230"}],"curies":[{"name":"wp","href":"https:\/\/api.w.org\/{rel}","templated":true}]}}