{"id":228,"date":"2023-09-20T11:19:40","date_gmt":"2023-09-20T11:19:40","guid":{"rendered":"http:\/\/gezairi.com\/tr\/?page_id=228"},"modified":"2023-10-02T13:56:42","modified_gmt":"2023-10-02T13:56:42","slug":"kvkk","status":"publish","type":"page","link":"http:\/\/gezairi.com\/tr\/kvkk\/","title":{"rendered":"KVKK"},"content":{"rendered":"\n\t<div id=\"text-554019833\" class=\"text\">\n\t\t\n\n<p>Ki\u015fisel Verilerin Korunmas\u0131 Kanunu<br \/><strong>AYDINLATMA METN\u0130<\/strong><\/p>\n<p>VER\u0130 SORUMLUSU: Gezairi Transport Nakliyat ve Ticaret A.\u015e.<br \/>Dereboyu Caddesi Meydan Sokak No:1 Beybi Giz Plaza Kat:20 Daire 75-76 34398 Maslak\/Sar\u0131yer\/\u0130stanbul<\/p>\n<p>Gezairi Transport Nakliyat ve Ticaret A.\u015e. (Veri Sorumlusu) olarak a\u015fa\u011f\u0131daki ki\u015fisel verileriniz olarak i\u015flenmekte, saklanmakta ve korunmaktad\u0131r;<br \/>Kimlik Bilgileriniz: Ad\u0131n\u0131z soyad\u0131n\u0131z, anne-baba ad\u0131n\u0131z, do\u011fum tarihiniz, do\u011fum yeriniz, cinsiyetiniz, uyru\u011funuz, TC kimlik numaran\u0131z, kimlik bilgileriniz, varsa kimlik fotokopiniz suretiyle elde edilen kan grubu ve din hanesi bilgisi, imza yetkilisi olup olmad\u0131\u011f\u0131n\u0131z bilgisi, foto\u011fraf\u0131n\u0131z.<br \/>\u0130leti\u015fim Bilgileriniz: Adresiniz, telefon numaran\u0131z, e-posta adresiniz, varsa KEP adresiniz.<br \/>M\u00fc\u015fteri Bilgileriniz: M\u00fc\u015fteri i\u015flem bilgileriniz, imzan\u0131z, \u00e7al\u0131\u015ft\u0131\u011f\u0131n\u0131z \u015firket bilgileriniz, vergi bilgileriniz, banka hesab\u0131n\u0131za ili\u015fkin bilgiler, mesleki deneyim bilgileriniz, meslek, g\u00f6rev ve unvan bilgileriniz, ara\u00e7 bilgileriniz, hukuki i\u015flemler kapsam\u0131nda elde edilen bilgileriniz, vergi numaran\u0131z, talimat, talep ve \u015fikayetlerinize ili\u015fkin bilgiler, \u00fcr\u00fcn ve hizmetlerimize ili\u015fkin tercih ve al\u0131\u015fkanl\u0131klar\u0131n\u0131z.<br \/>\u0130\u015flem G\u00fcvenli\u011fi Bilgileriniz: MAC adresiniz, log kay\u0131tlar\u0131n\u0131z.<br \/>G\u00f6rsel ve \u0130\u015fitsel Bilgileriniz: Foto\u011fraflar\u0131n\u0131z ve kamera kay\u0131tlar\u0131n\u0131z.<\/p>\n<p>Bu nedenle, 6698 say\u0131l\u0131 Ki\u015fisel Verilerin Korunmas\u0131 Kanunu (Kanun) kapsam\u0131nda Veri Sorumlusu s\u0131fat\u0131yla sizleri ayd\u0131nlatmak isteriz.<\/p>\n<p>1. Ki\u015fisel Verileri Toplama Y\u00f6ntemi ve Hukuki Sebebi<br \/>Ki\u015fisel verileriniz; bu ayd\u0131nlatma metninde belirtilen ama\u00e7 ve kapsamda, fiziki ve elektronik ortamlarda toplanan \u201ckimli\u011fi belirli veya belirlenebilir ger\u00e7ek ki\u015fiye ili\u015fkin her t\u00fcrl\u00fc bilgiyi\u201d ifade etmektedir.<br \/>Ki\u015fisel verileriniz, Kanun\u2019un 5. Maddesinde belirtilen \u201ckanunlarda a\u00e7\u0131k\u00e7a \u00f6ng\u00f6r\u00fclmesi\u201d, \u201cbir s\u00f6zle\u015fmenin kurulmas\u0131 veya ifas\u0131yla do\u011frudan do\u011fruya ilgili olmas\u0131 kayd\u0131yla, s\u00f6zle\u015fmenin taraflar\u0131na ait ki\u015fisel verilerin i\u015flenmesinin gerekli olmas\u0131\u201d, \u201cki\u015fisel veri i\u015flemenin veri sorumlusunun hukuki y\u00fck\u00fcml\u00fcl\u00fc\u011f\u00fcn\u00fc yerine getirebilmesi i\u00e7in zorunlu olmas\u0131\u201d, \u201cki\u015fisel veri i\u015flemenin bir hakk\u0131n tesisi, kullan\u0131lmas\u0131 veya korunmas\u0131 i\u00e7in veri i\u015flemenin zorunlu olmas\u0131\u201d ve \u201cilgili ki\u015finin temel hak ve \u00f6zg\u00fcrl\u00fcklerine zarar vermemek kayd\u0131yla, veri sorumlusunun me\u015fru menfaatleri i\u00e7in veri i\u015flenmesinin zorunlu olmas\u0131\u201d hukuki sebeplerine dayal\u0131 olarak i\u015flenmektedir.<br \/>Belirtilen hukuki sebeplerden en az birisinin bulunmamas\u0131 halinde, ki\u015fisel veri i\u015flemeye ili\u015fkin a\u00e7\u0131k r\u0131zan\u0131z sorulacakt\u0131r. A\u00e7\u0131k r\u0131zan\u0131z\u0131n soruldu\u011fu halleri \u201cA\u00e7\u0131k R\u0131za Formunda\u201d bulabilirsiniz.<\/p>\n<p>2. Ki\u015fisel Verilerin \u0130\u015flenme Ama\u00e7lar\u0131<br \/>Toplanan ki\u015fisel verileriniz;<\/p>\n<p>Acil durum y\u00f6netimi s\u00fcre\u00e7lerinin y\u00fcr\u00fct\u00fclmesi,<br \/>Bilgi g\u00fcvenli\u011fi s\u00fcre\u00e7lerinin y\u00fcr\u00fct\u00fclmesi,<br \/>Denetim\/etik faaliyetlerinin y\u00fcr\u00fct\u00fclmesi,<br \/>Eri\u015fim yetkilerinin y\u00fcr\u00fct\u00fclmesi,<br \/>Faaliyetlerin mevzuata uygun y\u00fcr\u00fct\u00fclmesi,<br \/>Finans ve muhasebe i\u015flerinin y\u00fcr\u00fct\u00fclmesi,<br \/>Firma\/\u00fcr\u00fcn\/hizmetlere ba\u011fl\u0131l\u0131k s\u00fcre\u00e7lerinin y\u00fcr\u00fct\u00fclmesi,<br \/>Fiziksel mekan g\u00fcvenli\u011finin temini,<br \/>G\u00f6revlendirme s\u00fcre\u00e7lerinin y\u00fcr\u00fct\u00fclmesi,<br \/>Hukuk i\u015flerinin takibi ve y\u00fcr\u00fct\u00fclmesi,<br \/>\u0130\u00e7 denetim\/soru\u015fturma\/istihbarat faaliyetlerinin y\u00fcr\u00fct\u00fclmesi,<br \/>\u0130leti\u015fim faaliyetlerinin y\u00fcr\u00fct\u00fclmesi,<br \/>\u0130\u015f faaliyetlerinin y\u00fcr\u00fct\u00fclmesi\/denetimi,<br \/>\u0130\u015f sa\u011fl\u0131\u011f\u0131\/g\u00fcvenli\u011fi faaliyetlerinin y\u00fcr\u00fct\u00fclmesi,<br \/>\u0130\u015f s\u00fcre\u00e7lerinin iyile\u015ftirilmesine y\u00f6nelik \u00f6nerilerin al\u0131nmas\u0131 ve de\u011ferlendirilmesi,<br \/>\u0130\u015f s\u00fcreklili\u011finin sa\u011flanmas\u0131 faaliyetlerinin y\u00fcr\u00fct\u00fclmesi,<br \/>Lojistik faaliyetlerinin y\u00fcr\u00fct\u00fclmesi,<br \/>Mal\/hizmet sat\u0131n al\u0131m s\u00fcre\u00e7lerinin y\u00fcr\u00fct\u00fclmesi,<br \/>Mal\/hizmet sat\u0131\u015f sonras\u0131 destek hizmetlerinin y\u00fcr\u00fct\u00fclmesi,<br \/>Mal\/hizmet sat\u0131\u015f s\u00fcre\u00e7lerinin y\u00fcr\u00fct\u00fclmesi,<br \/>Mal\/hizmet \u00fcretim ve operasyon s\u00fcre\u00e7lerinin y\u00fcr\u00fct\u00fclmesi,<br \/>M\u00fc\u015fteri ili\u015fkileri y\u00f6netimi s\u00fcre\u00e7lerinin y\u00fcr\u00fct\u00fclmesi,<br \/>M\u00fc\u015fteri memnuniyetine y\u00f6nelik aktivitelerin y\u00fcr\u00fct\u00fclmesi,<br \/>Organizasyon ve etkinlik y\u00f6netimi,<br \/>Reklam\/kampanya\/promosyon s\u00fcre\u00e7lerinin y\u00fcr\u00fct\u00fclmesi,<br \/>Risk y\u00f6netimi s\u00fcre\u00e7lerinin y\u00fcr\u00fct\u00fclmesi,<br \/>Saklama ve ar\u015fiv faaliyetlerinin y\u00fcr\u00fct\u00fclmesi,<br \/>Sosyal sorumluluk ve sivil toplum aktivitelerinin y\u00fcr\u00fct\u00fclmesi,<br \/>S\u00f6zle\u015fme s\u00fcre\u00e7lerinin y\u00fcr\u00fct\u00fclmesi,<br \/>Stratejik planlama faaliyetlerinin y\u00fcr\u00fct\u00fclmesi,<br \/>Talep\/\u015fikayetlerin takibi,<br \/>Ta\u015f\u0131n\u0131r mal ve kaynaklar\u0131n g\u00fcvenli\u011finin temini,<br \/>\u00dcr\u00fcn\/hizmetlerin pazarlama s\u00fcre\u00e7lerinin y\u00fcr\u00fct\u00fclmesi,<br \/>Veri sorumlusu operasyonlar\u0131n\u0131n g\u00fcvenli\u011finin temini,<br \/>Yat\u0131r\u0131m s\u00fcre\u00e7lerinin y\u00fcr\u00fct\u00fclmesi,<br \/>Yetkili ki\u015fi, kurum ve kurulu\u015flara bilgi verilmesi,<br \/>Y\u00f6netim faaliyetlerinin y\u00fcr\u00fct\u00fclmesi,<br \/>Ziyaret\u00e7i kay\u0131tlar\u0131n\u0131n olu\u015fturulmas\u0131 ve takibi ama\u00e7lar\u0131 ile i\u015flenecektir.<br \/>Bununla birlikte, taraf\u0131m\u0131za ki\u015fisel verilerinizin i\u015flenmesine ili\u015fkin onay vermeniz halinde, s\u00f6z konusu ki\u015fisel verileriniz, \u00fcr\u00fcn ve hizmetlerimizin ihtiya\u00e7lar\u0131n\u0131z ve istekleriniz do\u011frultusunda \u00f6zelle\u015ftirilebilmesi, \u00fcr\u00fcn ve hizmetler hakk\u0131nda memnuniyetinizin \u00f6l\u00e7\u00fclmesi, istek ve ihtiya\u00e7lar\u0131n\u0131z do\u011frultusunda \u00fcr\u00fcn ve hizmetlerimizin geli\u015ftirilmesi, \u00e7e\u015fitlendirilmesi, \u015firketin ve ba\u011fl\u0131 \u015firket ve i\u015ftiraklerinin faaliyetleri konusunda tan\u0131t\u0131m yap\u0131labilmesi ve bilgi verilebilmesi, pazarlama analiz \u00e7al\u0131\u015fmalar\u0131n\u0131n yap\u0131lmas\u0131, ki\u015fiye \u00f6zel kampanya, reklam, promosyon \u00e7al\u0131\u015fmalar\u0131n\u0131n ger\u00e7ekle\u015ftirilmesi ama\u00e7lar\u0131yla da i\u015flenecektir.<\/p>\n<p>3. Ki\u015fisel Verilerin Aktar\u0131lmas\u0131:<br \/>Kanun ve yukar\u0131da yer alan maddeler uyar\u0131nca toplanan ki\u015fisel verileriniz; Kanun taraf\u0131ndan \u00f6ng\u00f6r\u00fclen temel ilkelere uygun olarak ve Kanun\u2019un 8. ve 9. maddelerinde belirtilen ki\u015fisel veri i\u015fleme \u015fartlar\u0131 ve ama\u00e7lar\u0131 dahilinde ve yukar\u0131da yer alan ama\u00e7larla, yurt i\u00e7ine ve yurt d\u0131\u015f\u0131na, hizmet ili\u015fkisi i\u00e7erisinde oldu\u011fumuz i\u015f ortaklar\u0131 ve tedarik\u00e7ilerimize, Veri Sorumlusu i\u015f ortaklar\u0131na, kanunen yetkili kamu kurum, kurulu\u015f ve ki\u015filere aktar\u0131lmaktad\u0131r.<\/p>\n<p>4. Ki\u015fisel Veri Sahibi Olarak Haklar\u0131n\u0131z:<br \/>Veri sahibi olarak Kanun\u2019un ilgili ki\u015finin haklar\u0131n\u0131 d\u00fczenleyen 11.Maddesi kapsam\u0131ndaki taleplerinizi, \u201cVeri Sorumlusuna Ba\u015fvuru Usul ve Esaslar\u0131 Hakk\u0131nda Tebli\u011f\u2019e\u201d g\u00f6re, yaz\u0131l\u0131 ve \u0131slak imzal\u0131 olarak yukar\u0131da belirtilen veri sorumlusu adresine, elektronik imzal\u0131 olarak gezairi@hs01.kep.tr \u2018ye, varsa daha \u00f6nce bizimle ileti\u015fime ge\u00e7ti\u011finiz e-posta adresinizi kullanmak suretiyle kvkkirtibat@gezairi.com \u00fczerinden Veri Sorumlusu \u0130rtibat Ki\u015fisine veya Veri Sorumlusuna Ba\u015fvuru Usul ve Esaslar\u0131 Hakk\u0131nda Tebli\u011f\u2019de yer alan di\u011fer y\u00f6ntemlerle \u015eirketimize iletebilirsiniz.<br \/>Veri Sorumlusu, talebinizin niteli\u011fine g\u00f6re en k\u0131sa s\u00fcrede ve tebli\u011f tarihinden itibaren en ge\u00e7 30 (otuz) g\u00fcn i\u00e7inde talebinizi sonu\u00e7land\u0131racakt\u0131r.<br \/>Ki\u015fisel verilerinizin i\u015flenmesine ili\u015fkin detayl\u0131 bilgi almak isterseniz, www.gezairi.com \u2018da yer alan \u201cKi\u015fisel Verilerin Korunmas\u0131 ve \u0130\u015flenmesi Politikas\u0131na\u201c g\u00f6z atabilirsiniz.<\/p>\n<p><u><a href=\"http:\/\/www.gezairi.com\/backup\/1.pdf\" target=\"_blank\" rel=\"noopener\">Ba\u015fvuru Formu<\/a><\/u><br \/><u><a href=\"http:\/\/www.gezairi.com\/backup\/2.pdf\" target=\"_blank\" rel=\"noopener\">Bilgi Sistemleri Genel Standartlar ve G\u00fcvenlik Politikas\u0131<\/a><\/u><br \/><u><a href=\"http:\/\/www.gezairi.com\/backup\/3.pdf\" target=\"_blank\" rel=\"noopener\">\u00c7al\u0131\u015fan Ki\u015fisel Verilerinin Korunmas\u0131 ve \u0130\u015flenmesi Politikas\u0131<\/a><\/u><br \/><u>\u0130nternet Sitesi \u00c7erez Politikas\u0131 &#8211; Ayd\u0131nlatma Metni<\/u><br \/><u><a href=\"http:\/\/www.gezairi.com\/backup\/4.pdf\" target=\"_blank\" rel=\"noopener\">Ki\u015fisel Verileri Saklama ve \u0130mha Politikas\u0131<\/a><\/u><br \/><u><a href=\"http:\/\/www.gezairi.com\/backup\/5.pdf\" target=\"_blank\" rel=\"noopener\">Ki\u015fisel Verilerin Korunmas\u0131 ve \u0130\u015flenmesi Politikas\u0131<\/a><\/u><br \/><u><a href=\"http:\/\/www.gezairi.com\/backup\/6.pdf\" target=\"_blank\" rel=\"noopener\">Kriz M\u00fcdahale Prosed\u00fcr\u00fc<\/a><\/u><br \/><u><a href=\"http:\/\/www.gezairi.com\/backup\/7.pdf\" target=\"_blank\" rel=\"noopener\">A\u00e7\u0131k R\u0131za Formu<\/a><\/u><br \/><u><a href=\"http:\/\/www.gezairi.com\/backup\/8.pdf\" target=\"_blank\" rel=\"noopener\">Ayd\u0131nlatma Metni<\/a><\/u><br \/><u><a href=\"http:\/\/www.gezairi.com\/backup\/9.pdf\" target=\"_blank\" rel=\"noopener\">\u00d6zel Nitelikli Ki\u015fisel Verilerin \u0130\u015flenmesi ve Korunmas\u0131 Politikas\u0131<\/a><\/u><\/p>\n\t\t\n<style>\n#text-554019833 {\n  color: #3d6e8e;\n}\n#text-554019833 > * {\n  color: #3d6e8e;\n}\n<\/style>\n\t<\/div>\n\t\n\n","protected":false},"excerpt":{"rendered":"","protected":false},"author":1,"featured_media":0,"parent":0,"menu_order":0,"comment_status":"closed","ping_status":"closed","template":"","meta":{"footnotes":""},"class_list":["post-228","page","type-page","status-publish","hentry"],"_links":{"self":[{"href":"http:\/\/gezairi.com\/tr\/wp-json\/wp\/v2\/pages\/228","targetHints":{"allow":["GET"]}}],"collection":[{"href":"http:\/\/gezairi.com\/tr\/wp-json\/wp\/v2\/pages"}],"about":[{"href":"http:\/\/gezairi.com\/tr\/wp-json\/wp\/v2\/types\/page"}],"author":[{"embeddable":true,"href":"http:\/\/gezairi.com\/tr\/wp-json\/wp\/v2\/users\/1"}],"replies":[{"embeddable":true,"href":"http:\/\/gezairi.com\/tr\/wp-json\/wp\/v2\/comments?post=228"}],"version-history":[{"count":3,"href":"http:\/\/gezairi.com\/tr\/wp-json\/wp\/v2\/pages\/228\/revisions"}],"predecessor-version":[{"id":607,"href":"http:\/\/gezairi.com\/tr\/wp-json\/wp\/v2\/pages\/228\/revisions\/607"}],"wp:attachment":[{"href":"http:\/\/gezairi.com\/tr\/wp-json\/wp\/v2\/media?parent=228"}],"curies":[{"name":"wp","href":"https:\/\/api.w.org\/{rel}","templated":true}]}}