{"id":218,"date":"2023-09-20T11:18:59","date_gmt":"2023-09-20T11:18:59","guid":{"rendered":"http:\/\/gezairi.com\/tr\/?page_id=218"},"modified":"2023-10-02T12:22:35","modified_gmt":"2023-10-02T12:22:35","slug":"kurumsal-degerlerimiz","status":"publish","type":"page","link":"http:\/\/gezairi.com\/tr\/kurumsal-degerlerimiz\/","title":{"rendered":"KURUMSAL DE\u011eERLER\u0130M\u0130Z"},"content":{"rendered":"\n\t<section class=\"section\" id=\"section_1623891920\">\n\t\t<div class=\"bg section-bg fill bg-fill  bg-loaded\" >\n\n\t\t\t\n\t\t\t\n\t\t\t\n\t<div class=\"is-border is-dashed\"\n\t\tstyle=\"border-color:rgb(235, 235, 235);border-radius:100px;border-width:1px 0px 0px 0px;\">\n\t<\/div>\n\n\t\t<\/div>\n\n\t\t\n\n\t\t<div class=\"section-content relative\">\n\t\t\t\n\n\t<div class=\"img has-hover x md-x lg-x y md-y lg-y\" id=\"image_369057168\">\n\t\t\t\t\t\t\t\t<div class=\"img-inner box-shadow-2 dark\" >\n\t\t\t<img loading=\"lazy\" decoding=\"async\" width=\"924\" height=\"246\" src=\"http:\/\/gezairi.com\/tr\/wp-content\/uploads\/2023\/09\/corporate-values.jpeg\" class=\"attachment-large size-large\" alt=\"\" srcset=\"http:\/\/gezairi.com\/tr\/wp-content\/uploads\/2023\/09\/corporate-values.jpeg 924w, http:\/\/gezairi.com\/tr\/wp-content\/uploads\/2023\/09\/corporate-values-800x213.jpeg 800w, http:\/\/gezairi.com\/tr\/wp-content\/uploads\/2023\/09\/corporate-values-768x204.jpeg 768w\" sizes=\"auto, (max-width: 924px) 100vw, 924px\" \/>\t\t\t\t\t\t\n\t\t\t\t\t<\/div>\n\t\t\t\t\t\t\t\t\n<style>\n#image_369057168 {\n  width: 100%;\n}\n<\/style>\n\t<\/div>\n\t\n\n<p style=\"text-align: center;\">\u00a0<\/p>\n<h1 class=\"title\" style=\"text-align: center;\">Kurumsal De\u011ferler<\/h1>\n<p style=\"text-align: center;\">\u00a0<\/p>\n<div class=\"row row-large align-middle row-dashed\" style=\"max-width:\" id=\"row-643089804\">\n\n\n\t<div id=\"col-1840209151\" class=\"col small-12 large-12\"  >\n\t\t\t\t<div class=\"col-inner text-center\"  >\n\t\t\t\n\t\t\t\n\n\t<div id=\"text-2828931447\" class=\"text\">\n\t\t\n\n<p style=\"text-align: left;\"><strong>Profesyonellik:<br \/>\n<\/strong><\/p>\n<p style=\"text-align: left;\">Ticari faaliyetlerimizde en y\u00fcksek profesyonellik standartlar\u0131n\u0131 benimsemeye ve de\u011ferli m\u00fc\u015fterilerimize Birinci S\u0131n\u0131f Hizmet sa\u011flamaya inanmaktay\u0131z.\n<\/p>\n\n\t\t\n<style>\n#text-2828931447 {\n  font-size: 1rem;\n  line-height: 1.35;\n}\n<\/style>\n\t<\/div>\n\t\n\t<div id=\"text-4053481120\" class=\"text\">\n\t\t\n\n<p class=\"p1\"><b>\u0130yi Ortakl\u0131k: <\/b><\/p>\n<p class=\"p1\">Payda\u015flar, m\u00fc\u015fteriler, insan kaynaklar\u0131, tedarik\u00e7iler ve camiam\u0131z d\u00e2hil olmak \u00fczere b\u00fct\u00fcn hissedarlar\u0131m\u0131zla sa\u011flam, uzun \u00f6m\u00fcrl\u00fc ve kar\u015f\u0131l\u0131kl\u0131 menfaat sa\u011flayan bir Ortakl\u0131k tesis etmeye inanmaktay\u0131z.\n<\/p>\n\n\t\t\n<style>\n#text-4053481120 {\n  font-size: 1rem;\n  line-height: 1.35;\n  text-align: left;\n}\n<\/style>\n\t<\/div>\n\t\n\t<div id=\"text-2084249571\" class=\"text\">\n\t\t\n\n<p class=\"p1\"><b>Miras:<\/b><\/p>\n<p class=\"p1\">Zengin tarihimizle ve engin tecr\u00fcbelerimizle gurur duyuyor ve i\u015fimizi yenilik\u00e7i bir bi\u00e7imde modernize etmek i\u00e7in onlardan ald\u0131\u011f\u0131m\u0131z dersleri benimsiyoruz.\n<\/p>\n\n\t\t\n<style>\n#text-2084249571 {\n  font-size: 1rem;\n  line-height: 1.35;\n  text-align: left;\n}\n<\/style>\n\t<\/div>\n\t\n\t<div id=\"text-3951007271\" class=\"text\">\n\t\t\n\n<p class=\"p1\"><b>S\u00fcrd\u00fcr\u00fclebilirlik: <\/b><\/p>\n<p class=\"p1\">\u0130\u015f devaml\u0131l\u0131\u011f\u0131n\u0131 sa\u011flamak \u00fczere s\u00fcrekli de\u011fer yaratarak, esneklik ve \u00e7eviklik sayesinde ba\u015far\u0131m\u0131z\u0131, rekabet etme g\u00fcc\u00fcm\u00fcz\u00fc ve karl\u0131l\u0131\u011f\u0131m\u0131z\u0131 s\u00fcrd\u00fcrmeye gayret ediyoruz.\n<\/p>\n\n\t\t\n<style>\n#text-3951007271 {\n  font-size: 1rem;\n  line-height: 1.35;\n  text-align: left;\n}\n<\/style>\n\t<\/div>\n\t\n\t<div id=\"text-632340400\" class=\"text\">\n\t\t\n\n<p class=\"p1\"><b>B\u00fcy\u00fck Oyuncular:<\/b><\/p>\n<p class=\"p1\">Kapsaml\u0131 a\u011f ve hizmetlere sahip dinamik bir b\u00f6lgede, ta\u015f\u0131mac\u0131l\u0131k end\u00fcstrisinde kilit rol oynayan bir kurulu\u015f olarak konumumuzu s\u00fcrd\u00fcrmeyi taahh\u00fct ediyoruz.\n<\/p>\n\n\t\t\n<style>\n#text-632340400 {\n  font-size: 1rem;\n  line-height: 1.35;\n  text-align: left;\n}\n<\/style>\n\t<\/div>\n\t\n\t<div id=\"text-2983611374\" class=\"text\">\n\t\t\n\n<p class=\"p1\"><b>Pozitiflik:<\/b><\/p>\n<p class=\"p1\">Kar\u015f\u0131la\u015ft\u0131\u011f\u0131m\u0131z zorluklara ve f\u0131rsatlara bir g\u00fcl\u00fcmseme ile yakla\u015fmaya odaklan\u0131yoruz! Ayn\u0131 zamanda yapt\u0131\u011f\u0131m\u0131z her \u015feyde bir pozitiflik ve tutku k\u00fclt\u00fcr\u00fc besliyoruz.<\/p>\n\n\t\t\n<style>\n#text-2983611374 {\n  font-size: 1rem;\n  line-height: 1.35;\n  text-align: left;\n}\n<\/style>\n\t<\/div>\n\t\n\n\t\t<\/div>\n\t\t\t\t\t<\/div>\n\n\t\n\n\n<style>\n#row-643089804 > .col > .col-inner {\n  border-radius: 9px;\n}\n<\/style>\n<\/div>\n\n\t\t<\/div>\n\n\t\t\n<style>\n#section_1623891920 {\n  padding-top: 59px;\n  padding-bottom: 59px;\n  min-height: 300px;\n  background-color: rgb(240, 240, 240);\n}\n<\/style>\n\t<\/section>\n\t\n\n","protected":false},"excerpt":{"rendered":"","protected":false},"author":1,"featured_media":0,"parent":0,"menu_order":0,"comment_status":"closed","ping_status":"closed","template":"page-blank.php","meta":{"footnotes":""},"class_list":["post-218","page","type-page","status-publish","hentry"],"_links":{"self":[{"href":"http:\/\/gezairi.com\/tr\/wp-json\/wp\/v2\/pages\/218","targetHints":{"allow":["GET"]}}],"collection":[{"href":"http:\/\/gezairi.com\/tr\/wp-json\/wp\/v2\/pages"}],"about":[{"href":"http:\/\/gezairi.com\/tr\/wp-json\/wp\/v2\/types\/page"}],"author":[{"embeddable":true,"href":"http:\/\/gezairi.com\/tr\/wp-json\/wp\/v2\/users\/1"}],"replies":[{"embeddable":true,"href":"http:\/\/gezairi.com\/tr\/wp-json\/wp\/v2\/comments?post=218"}],"version-history":[{"count":9,"href":"http:\/\/gezairi.com\/tr\/wp-json\/wp\/v2\/pages\/218\/revisions"}],"predecessor-version":[{"id":568,"href":"http:\/\/gezairi.com\/tr\/wp-json\/wp\/v2\/pages\/218\/revisions\/568"}],"wp:attachment":[{"href":"http:\/\/gezairi.com\/tr\/wp-json\/wp\/v2\/media?parent=218"}],"curies":[{"name":"wp","href":"https:\/\/api.w.org\/{rel}","templated":true}]}}