{"id":216,"date":"2023-09-20T11:18:45","date_gmt":"2023-09-20T11:18:45","guid":{"rendered":"http:\/\/gezairi.com\/tr\/?page_id=216"},"modified":"2023-10-02T11:58:23","modified_gmt":"2023-10-02T11:58:23","slug":"firmamiz","status":"publish","type":"page","link":"http:\/\/gezairi.com\/tr\/","title":{"rendered":"F\u0130RMAMIZ"},"content":{"rendered":"\n\t<section class=\"section\" id=\"section_82076784\">\n\t\t<div class=\"bg section-bg fill bg-fill  bg-loaded\" >\n\n\t\t\t\n\t\t\t\n\t\t\t\n\t<div class=\"is-border\"\n\t\tstyle=\"border-color:rgb(235, 235, 235);border-width:1px 0px 0px 0px;\">\n\t<\/div>\n\n\t\t<\/div>\n\n\t\t\n\n\t\t<div class=\"section-content relative\">\n\t\t\t\n\n<div class=\"row row-large align-middle\"  id=\"row-836880169\">\n\n\n\t<div id=\"col-507972211\" class=\"col medium-3 small-12 large-3\"  >\n\t\t\t\t<div class=\"col-inner box-shadow-2 box-shadow-5-hover\" style=\"background-color:rgb(255, 255, 255);\" >\n\t\t\t\n\t\t\t\n\n\t<div class=\"img has-hover x md-x lg-x y md-y lg-y\" id=\"image_884998549\">\n\t\t\t\t\t\t\t\t<div class=\"img-inner dark\" >\n\t\t\t<img loading=\"lazy\" decoding=\"async\" width=\"166\" height=\"300\" src=\"http:\/\/gezairi.com\/tr\/wp-content\/uploads\/2023\/09\/Abdul-salam-el-gezairi.jpg\" class=\"attachment-large size-large\" alt=\"\" \/>\t\t\t\t\t\t\n\t\t\t\t\t<\/div>\n\t\t\t\t\t\t\t\t\n<style>\n#image_884998549 {\n  width: 100%;\n}\n<\/style>\n\t<\/div>\n\t\n\n\n\t\t<\/div>\n\t\t\t\t\n<style>\n#col-507972211 > .col-inner {\n  padding: 15px 15px 15px 15px;\n}\n<\/style>\n\t<\/div>\n\n\t\n\n\t<div id=\"col-1273137818\" class=\"col medium-9 small-12 large-9\"  >\n\t\t\t\t<div class=\"col-inner text-left\"  >\n\t\t\t\n\t\t\t\n\n\t<div id=\"text-2324185591\" class=\"text\">\n\t\t\n\n<h2>TAR\u0130H\u00c7E<\/h2>\n<p>Mr. Abdul Salam Bou-Azza El-Gezairi<br \/>1907-1991<br \/><br \/>M\u00fckemmellik yolunda<br \/>Abdul Salam Bou-Azza El-Gezairi 1945 y\u0131l\u0131nda Beyrut\u2019ta g\u00fcmr\u00fck hizmetleri veren ortak kullan\u0131ml\u0131 odas\u0131ndaki ilk d\u00fczenini kurdu\u011funda, bunun ba\u015far\u0131larla dolu uzun bir yolculu\u011fun ba\u015flang\u0131c\u0131 oldu\u011fundan emindi. Iddial\u0131 bir r\u00fcya taraf\u0131ndan beslenen ve kendi vatan L\u00fcbnan&#8217;\u0131 ve Ortado\u011fu&#8217;nun s\u0131n\u0131rlar\u0131n\u0131 a\u015farak d\u00fcnya \u00e7ap\u0131nda bir b\u00fcy\u00fcme ve geni\u015fleme g\u00f6steren bu hareketin mimar\u0131 olarak onun aray\u0131\u015f\u0131, yapt\u0131\u011f\u0131 i\u015fte bir farkl\u0131l\u0131k ortaya koymakt\u0131 ve kulland\u0131\u011f\u0131 ara\u00e7lar\u0131 da olduk\u00e7a basitti: d\u00fcr\u00fcstl\u00fck, \u00e7al\u0131\u015fkanl\u0131k ve azim.<br \/><br \/>Bunlar ayn\u0131 zamanda halefleri taraf\u0131ndan etkili bir \u015fekilde korunan ve beslenen k\u00f6kl\u00fc kurumsal k\u00fclt\u00fcr\u00fc \u015fekillendiren temel bile\u015fenler idi.<br \/><br \/>Son d\u00f6nemde bu aile kurulu\u015funa \u00fc\u00e7\u00fcnc\u00fc neslin dahil olmas\u0131yla, Gezairi bug\u00fcn hem kurucusunun vizyonunu tutkulu bir co\u015fku ve yenilik\u00e7i bir bak\u0131\u015f a\u00e7\u0131s\u0131yla gen\u00e7le\u015ftiren hem de gelecek nesiller i\u00e7in ilham verici ba\u015far\u0131 \u00f6yk\u00fcleri biriktiren bir yap\u0131ya kavu\u015fmu\u015ftur.<br \/><br \/>Gezairi, modernle\u015fme ve teknolojiye \u00e7ok y\u00f6nl\u00fc bir sistem ve konuksever bir anlay\u0131\u015f benimseyerek adapte olmakta, bu \u015fekilde \u00e7al\u0131\u015fma \u015fartlar\u0131n\u0131n zorluklar\u0131 ve h\u0131zl\u0131 k\u00fcresel de\u011fi\u015fime ayak uydurmaktad\u0131r. Onun g\u00fc\u00e7l\u00fc aile gelenekleri uzun s\u00fcreli birliktelikleri ve i\u015fg\u00fcc\u00fcn\u00fc ba\u011flayan ideal bir ortam sunmaktad\u0131r.<br \/><br \/>2010 y\u0131l\u0131nda 65. y\u0131ld\u00f6n\u00fcm\u00fcn\u00fc kutlayan Gezairi, sayg\u0131n ortaklar\u0131ndan, se\u00e7kin acentelerinden ve sad\u0131k m\u00fc\u015fterilerinden olu\u015fan geni\u015f birliktelikle elele m\u00fckemmellik yolunda iz b\u0131rakm\u0131\u015ft\u0131r.<\/p>\n<p>\u00a0<\/p>\n\t\t\n<style>\n#text-2324185591 {\n  font-size: 0.75rem;\n  text-align: left;\n}\n<\/style>\n\t<\/div>\n\t\n\n\t\t<\/div>\n\t\t\t\t\t<\/div>\n\n\t\n\n<\/div>\n\n\t\t<\/div>\n\n\t\t\n<style>\n#section_82076784 {\n  padding-top: 59px;\n  padding-bottom: 59px;\n  min-height: 300px;\n  background-color: rgb(240, 240, 240);\n}\n<\/style>\n\t<\/section>\n\t\n\n","protected":false},"excerpt":{"rendered":"","protected":false},"author":1,"featured_media":0,"parent":0,"menu_order":0,"comment_status":"closed","ping_status":"closed","template":"page-blank.php","meta":{"footnotes":""},"class_list":["post-216","page","type-page","status-publish","hentry"],"_links":{"self":[{"href":"http:\/\/gezairi.com\/tr\/wp-json\/wp\/v2\/pages\/216","targetHints":{"allow":["GET"]}}],"collection":[{"href":"http:\/\/gezairi.com\/tr\/wp-json\/wp\/v2\/pages"}],"about":[{"href":"http:\/\/gezairi.com\/tr\/wp-json\/wp\/v2\/types\/page"}],"author":[{"embeddable":true,"href":"http:\/\/gezairi.com\/tr\/wp-json\/wp\/v2\/users\/1"}],"replies":[{"embeddable":true,"href":"http:\/\/gezairi.com\/tr\/wp-json\/wp\/v2\/comments?post=216"}],"version-history":[{"count":5,"href":"http:\/\/gezairi.com\/tr\/wp-json\/wp\/v2\/pages\/216\/revisions"}],"predecessor-version":[{"id":562,"href":"http:\/\/gezairi.com\/tr\/wp-json\/wp\/v2\/pages\/216\/revisions\/562"}],"wp:attachment":[{"href":"http:\/\/gezairi.com\/tr\/wp-json\/wp\/v2\/media?parent=216"}],"curies":[{"name":"wp","href":"https:\/\/api.w.org\/{rel}","templated":true}]}}